{"id":18700,"date":"2023-08-23T17:55:15","date_gmt":"2023-08-23T17:55:15","guid":{"rendered":"https:\/\/www.promovet.com.mx\/?page_id=18700"},"modified":"2023-10-12T18:35:15","modified_gmt":"2023-10-12T18:35:15","slug":"pagina-de-inicio","status":"publish","type":"page","link":"https:\/\/www.promovet.com.mx\/","title":{"rendered":""},"content":{"rendered":"\n<figure class=\"wp-block-image aligncenter size-full is-resized\"><img loading=\"lazy\" decoding=\"async\" src=\"https:\/\/www.promovet.com.mx\/wp-content\/uploads\/2023\/10\/logo-P.jpg\" alt=\"\" class=\"wp-image-19252\" style=\"width:340px;height:124px\" width=\"340\" height=\"124\"\/><\/figure>\n\n\n\n<div class=\"wp-block-columns is-layout-flex wp-container-core-columns-is-layout-28f84493 wp-block-columns-is-layout-flex\">\n<div class=\"wp-block-column is-layout-flow wp-block-column-is-layout-flow\" style=\"flex-basis:100%\">\n<figure class=\"wp-block-gallery has-nested-images columns-1 is-cropped wp-block-gallery-1 is-layout-flex wp-block-gallery-is-layout-flex\">\n<figure class=\"wp-block-image size-large\"><img loading=\"lazy\" decoding=\"async\" width=\"1024\" height=\"248\" data-id=\"18717\" src=\"https:\/\/www.promovet.com.mx\/wp-content\/uploads\/2023\/08\/HOME-1-1024x248.jpg\" alt=\"\" class=\"wp-image-18717\" srcset=\"https:\/\/www.promovet.com.mx\/wp-content\/uploads\/2023\/08\/HOME-1-1024x248.jpg 1024w, https:\/\/www.promovet.com.mx\/wp-content\/uploads\/2023\/08\/HOME-1-300x73.jpg 300w, https:\/\/www.promovet.com.mx\/wp-content\/uploads\/2023\/08\/HOME-1-768x186.jpg 768w, https:\/\/www.promovet.com.mx\/wp-content\/uploads\/2023\/08\/HOME-1-1536x372.jpg 1536w, https:\/\/www.promovet.com.mx\/wp-content\/uploads\/2023\/08\/HOME-1-600x145.jpg 600w, https:\/\/www.promovet.com.mx\/wp-content\/uploads\/2023\/08\/HOME-1.jpg 1920w\" sizes=\"auto, (max-width: 1024px) 100vw, 1024px\" \/><\/figure>\n<\/figure>\n<\/div>\n<\/div>\n\n\n\n<div class=\"wp-block-columns is-layout-flex wp-container-core-columns-is-layout-28f84493 wp-block-columns-is-layout-flex\">\n<div class=\"wp-block-column is-layout-flow wp-block-column-is-layout-flow\">\n<div class=\"wp-block-columns is-layout-flex wp-container-core-columns-is-layout-28f84493 wp-block-columns-is-layout-flex\">\n<div class=\"wp-block-column is-layout-flow wp-block-column-is-layout-flow\">\n<p>Desde hace m\u00e1s de 25 a\u00f1os, ofrecemos un portafolio de productos farmac\u00e9uticos para uso veterinario que combina, adem\u00e1s de nuestra l\u00ednea, las de otras empresas farmac\u00e9uticas nacionales e internacionales, con las que tenemos acuerdos de colaboraci\u00f3n.<\/p>\n\n\n\n<p>En&nbsp;<strong>Promovet<\/strong>&nbsp;trabajamos un grupo de profesionales en el campo farmac\u00e9utico, esforzados en ofrecerle productos cuyo empleo, cumpla con la indicaci\u00f3n terap\u00e9utica, profil\u00e1ctica o est\u00e9tica, que usted espera como M\u00e9dico Veterinario, productor pecuario o propietario de animales de compa\u00f1\u00eda.<\/p>\n<\/div>\n\n\n\n<div class=\"wp-block-column is-layout-flow wp-block-column-is-layout-flow\">\n<p>Queremos establecer relaciones de largo plazo por lo que nos apegamos siempre a las buenas pr\u00e1cticas de manufactura farmac\u00e9utica, a la normatividad zoosanitaria vigente y buscamos alcanzar la mejor relaci\u00f3n costo-beneficio, todo dentro de un marco comercial y administrativo claro y congruente.<\/p>\n\n\n\n<p><strong>Nuestro objetivo es obtener y mantener su confianza.<\/strong><\/p>\n<\/div>\n<\/div>\n<\/div>\n<\/div>\n\n\n\n<h3 class=\"wp-block-heading has-text-align-center\">PRODUCTOS POR ESPECIE<\/h3>\n\n\n\n<div class=\"wp-block-columns is-layout-flex wp-container-core-columns-is-layout-28f84493 wp-block-columns-is-layout-flex\">\n<div class=\"wp-block-column is-layout-flow wp-block-column-is-layout-flow\">\n<h4 class=\"wp-block-heading has-text-align-center\">Bovinos, Ovinos y&nbsp;Caprinos<\/h4>\n\n\n\n<figure class=\"wp-block-image size-large\"><img loading=\"lazy\" decoding=\"async\" width=\"1024\" height=\"576\" src=\"https:\/\/www.promovet.com.mx\/wp-content\/uploads\/2023\/08\/ovejas-1024x576.jpg\" alt=\"\" class=\"wp-image-18721\" srcset=\"https:\/\/www.promovet.com.mx\/wp-content\/uploads\/2023\/08\/ovejas-1024x576.jpg 1024w, https:\/\/www.promovet.com.mx\/wp-content\/uploads\/2023\/08\/ovejas-300x169.jpg 300w, https:\/\/www.promovet.com.mx\/wp-content\/uploads\/2023\/08\/ovejas-768x432.jpg 768w, https:\/\/www.promovet.com.mx\/wp-content\/uploads\/2023\/08\/ovejas-1536x864.jpg 1536w, https:\/\/www.promovet.com.mx\/wp-content\/uploads\/2023\/08\/ovejas-600x338.jpg 600w, https:\/\/www.promovet.com.mx\/wp-content\/uploads\/2023\/08\/ovejas.jpg 1920w\" sizes=\"auto, (max-width: 1024px) 100vw, 1024px\" \/><\/figure>\n\n\n\n<div class=\"wp-block-buttons is-content-justification-center is-layout-flex wp-container-core-buttons-is-layout-a89b3969 wp-block-buttons-is-layout-flex\">\n<div class=\"wp-block-button\"><a class=\"wp-block-button__link has-text-align-center wp-element-button\" href=\"https:\/\/www.promovet.com.mx\/index.php\/bovinos-ovinos-y-caprinos\/\">Ver productos<\/a><\/div>\n<\/div>\n<\/div>\n\n\n\n<div class=\"wp-block-column is-layout-flow wp-block-column-is-layout-flow\">\n<h4 class=\"wp-block-heading has-text-align-center\">Equinos<\/h4>\n\n\n\n<figure class=\"wp-block-image size-large\"><img loading=\"lazy\" decoding=\"async\" width=\"1024\" height=\"576\" src=\"https:\/\/www.promovet.com.mx\/wp-content\/uploads\/2023\/08\/caballos-1024x576.jpg\" alt=\"\" class=\"wp-image-18725\" srcset=\"https:\/\/www.promovet.com.mx\/wp-content\/uploads\/2023\/08\/caballos-1024x576.jpg 1024w, https:\/\/www.promovet.com.mx\/wp-content\/uploads\/2023\/08\/caballos-300x169.jpg 300w, https:\/\/www.promovet.com.mx\/wp-content\/uploads\/2023\/08\/caballos-768x432.jpg 768w, https:\/\/www.promovet.com.mx\/wp-content\/uploads\/2023\/08\/caballos-1536x864.jpg 1536w, https:\/\/www.promovet.com.mx\/wp-content\/uploads\/2023\/08\/caballos-600x338.jpg 600w, https:\/\/www.promovet.com.mx\/wp-content\/uploads\/2023\/08\/caballos.jpg 1920w\" sizes=\"auto, (max-width: 1024px) 100vw, 1024px\" \/><\/figure>\n\n\n\n<div class=\"wp-block-buttons is-content-justification-center is-layout-flex wp-container-core-buttons-is-layout-a89b3969 wp-block-buttons-is-layout-flex\">\n<div class=\"wp-block-button\"><a class=\"wp-block-button__link wp-element-button\" href=\"https:\/\/www.promovet.com.mx\/index.php\/equinos\/\">Ver productos<\/a><\/div>\n<\/div>\n<\/div>\n\n\n\n<div class=\"wp-block-column is-layout-flow wp-block-column-is-layout-flow\">\n<h4 class=\"wp-block-heading has-text-align-center\">Porcinos<\/h4>\n\n\n\n<figure class=\"wp-block-image size-large\"><img loading=\"lazy\" decoding=\"async\" width=\"1024\" height=\"576\" src=\"https:\/\/www.promovet.com.mx\/wp-content\/uploads\/2023\/08\/cerdos-1024x576.jpg\" alt=\"\" class=\"wp-image-18726\" srcset=\"https:\/\/www.promovet.com.mx\/wp-content\/uploads\/2023\/08\/cerdos-1024x576.jpg 1024w, https:\/\/www.promovet.com.mx\/wp-content\/uploads\/2023\/08\/cerdos-300x169.jpg 300w, https:\/\/www.promovet.com.mx\/wp-content\/uploads\/2023\/08\/cerdos-768x432.jpg 768w, https:\/\/www.promovet.com.mx\/wp-content\/uploads\/2023\/08\/cerdos-1536x864.jpg 1536w, https:\/\/www.promovet.com.mx\/wp-content\/uploads\/2023\/08\/cerdos-600x338.jpg 600w, https:\/\/www.promovet.com.mx\/wp-content\/uploads\/2023\/08\/cerdos.jpg 1920w\" sizes=\"auto, (max-width: 1024px) 100vw, 1024px\" \/><\/figure>\n\n\n\n<div class=\"wp-block-buttons is-content-justification-center is-layout-flex wp-container-core-buttons-is-layout-a89b3969 wp-block-buttons-is-layout-flex\">\n<div class=\"wp-block-button\"><a class=\"wp-block-button__link wp-element-button\" href=\"https:\/\/www.promovet.com.mx\/index.php\/porcinos\/\">Ver productos<\/a><\/div>\n<\/div>\n<\/div>\n<\/div>\n\n\n\n<div class=\"wp-block-columns is-layout-flex wp-container-core-columns-is-layout-28f84493 wp-block-columns-is-layout-flex\">\n<div class=\"wp-block-column is-layout-flow wp-block-column-is-layout-flow\">\n<h4 class=\"wp-block-heading has-text-align-center\">Aves<\/h4>\n\n\n\n<figure class=\"wp-block-image size-large\"><img loading=\"lazy\" decoding=\"async\" width=\"1024\" height=\"576\" src=\"https:\/\/www.promovet.com.mx\/wp-content\/uploads\/2023\/09\/gallina-1024x576.jpeg\" alt=\"\" class=\"wp-image-18965\" srcset=\"https:\/\/www.promovet.com.mx\/wp-content\/uploads\/2023\/09\/gallina-1024x576.jpeg 1024w, https:\/\/www.promovet.com.mx\/wp-content\/uploads\/2023\/09\/gallina-300x169.jpeg 300w, https:\/\/www.promovet.com.mx\/wp-content\/uploads\/2023\/09\/gallina-768x432.jpeg 768w, https:\/\/www.promovet.com.mx\/wp-content\/uploads\/2023\/09\/gallina-600x337.jpeg 600w, https:\/\/www.promovet.com.mx\/wp-content\/uploads\/2023\/09\/gallina.jpeg 1170w\" sizes=\"auto, (max-width: 1024px) 100vw, 1024px\" \/><\/figure>\n\n\n\n<div class=\"wp-block-buttons is-content-justification-center is-layout-flex wp-container-core-buttons-is-layout-a89b3969 wp-block-buttons-is-layout-flex\">\n<div class=\"wp-block-button\"><a class=\"wp-block-button__link wp-element-button\" href=\"https:\/\/www.promovet.com.mx\/index.php\/aves\/\">Ver productos<\/a><\/div>\n<\/div>\n<\/div>\n\n\n\n<div class=\"wp-block-column is-layout-flow wp-block-column-is-layout-flow\">\n<h4 class=\"wp-block-heading has-text-align-center\">Perros y Gatos<\/h4>\n\n\n\n<figure class=\"wp-block-image size-large\"><img loading=\"lazy\" decoding=\"async\" width=\"1024\" height=\"576\" src=\"https:\/\/www.promovet.com.mx\/wp-content\/uploads\/2023\/08\/perros-gatos-1024x576.jpg\" alt=\"\" class=\"wp-image-18736\" srcset=\"https:\/\/www.promovet.com.mx\/wp-content\/uploads\/2023\/08\/perros-gatos-1024x576.jpg 1024w, https:\/\/www.promovet.com.mx\/wp-content\/uploads\/2023\/08\/perros-gatos-300x169.jpg 300w, https:\/\/www.promovet.com.mx\/wp-content\/uploads\/2023\/08\/perros-gatos-768x432.jpg 768w, https:\/\/www.promovet.com.mx\/wp-content\/uploads\/2023\/08\/perros-gatos-1536x864.jpg 1536w, https:\/\/www.promovet.com.mx\/wp-content\/uploads\/2023\/08\/perros-gatos-600x338.jpg 600w, https:\/\/www.promovet.com.mx\/wp-content\/uploads\/2023\/08\/perros-gatos.jpg 1920w\" sizes=\"auto, (max-width: 1024px) 100vw, 1024px\" \/><\/figure>\n\n\n\n<div class=\"wp-block-buttons is-content-justification-center is-layout-flex wp-container-core-buttons-is-layout-a89b3969 wp-block-buttons-is-layout-flex\">\n<div class=\"wp-block-button\"><a class=\"wp-block-button__link wp-element-button\" href=\"https:\/\/www.promovet.com.mx\/index.php\/perros-y-gatos\/\">Ver productos<\/a><\/div>\n<\/div>\n<\/div>\n\n\n\n<div class=\"wp-block-column is-layout-flow wp-block-column-is-layout-flow\"><\/div>\n<\/div>\n","protected":false},"excerpt":{"rendered":"<p>Desde hace m\u00e1s de 25 a\u00f1os, ofrecemos un portafolio de productos farmac\u00e9uticos para uso veterinario que combina, adem\u00e1s de nuestra l\u00ednea, las de otras empresas farmac\u00e9uticas nacionales e internacionales, con las que tenemos acuerdos de colaboraci\u00f3n. En&nbsp;Promovet&nbsp;trabajamos un grupo de profesionales en el campo farmac\u00e9utico, esforzados en ofrecerle productos cuyo empleo, cumpla con la indicaci\u00f3n [&hellip;]<\/p>\n","protected":false},"author":2,"featured_media":0,"parent":0,"menu_order":0,"comment_status":"closed","ping_status":"closed","template":"","meta":{"site-sidebar-layout":"default","site-content-layout":"","ast-site-content-layout":"default","site-content-style":"default","site-sidebar-style":"default","ast-global-header-display":"","ast-banner-title-visibility":"","ast-main-header-display":"","ast-hfb-above-header-display":"","ast-hfb-below-header-display":"","ast-hfb-mobile-header-display":"","site-post-title":"","ast-breadcrumbs-content":"","ast-featured-img":"","footer-sml-layout":"","theme-transparent-header-meta":"","adv-header-id-meta":"","stick-header-meta":"","header-above-stick-meta":"","header-main-stick-meta":"","header-below-stick-meta":"","astra-migrate-meta-layouts":"default","ast-page-background-enabled":"default","ast-page-background-meta":{"desktop":{"background-color":"var(--ast-global-color-4)","background-image":"","background-repeat":"repeat","background-position":"center center","background-size":"auto","background-attachment":"scroll","background-type":"","background-media":"","overlay-type":"","overlay-color":"","overlay-opacity":"","overlay-gradient":""},"tablet":{"background-color":"","background-image":"","background-repeat":"repeat","background-position":"center center","background-size":"auto","background-attachment":"scroll","background-type":"","background-media":"","overlay-type":"","overlay-color":"","overlay-opacity":"","overlay-gradient":""},"mobile":{"background-color":"","background-image":"","background-repeat":"repeat","background-position":"center center","background-size":"auto","background-attachment":"scroll","background-type":"","background-media":"","overlay-type":"","overlay-color":"","overlay-opacity":"","overlay-gradient":""}},"ast-content-background-meta":{"desktop":{"background-color":"var(--ast-global-color-5)","background-image":"","background-repeat":"repeat","background-position":"center center","background-size":"auto","background-attachment":"scroll","background-type":"","background-media":"","overlay-type":"","overlay-color":"","overlay-opacity":"","overlay-gradient":""},"tablet":{"background-color":"var(--ast-global-color-5)","background-image":"","background-repeat":"repeat","background-position":"center center","background-size":"auto","background-attachment":"scroll","background-type":"","background-media":"","overlay-type":"","overlay-color":"","overlay-opacity":"","overlay-gradient":""},"mobile":{"background-color":"var(--ast-global-color-5)","background-image":"","background-repeat":"repeat","background-position":"center center","background-size":"auto","background-attachment":"scroll","background-type":"","background-media":"","overlay-type":"","overlay-color":"","overlay-opacity":"","overlay-gradient":""}},"footnotes":""},"class_list":["post-18700","page","type-page","status-publish","hentry"],"_links":{"self":[{"href":"https:\/\/www.promovet.com.mx\/index.php\/wp-json\/wp\/v2\/pages\/18700","targetHints":{"allow":["GET"]}}],"collection":[{"href":"https:\/\/www.promovet.com.mx\/index.php\/wp-json\/wp\/v2\/pages"}],"about":[{"href":"https:\/\/www.promovet.com.mx\/index.php\/wp-json\/wp\/v2\/types\/page"}],"author":[{"embeddable":true,"href":"https:\/\/www.promovet.com.mx\/index.php\/wp-json\/wp\/v2\/users\/2"}],"replies":[{"embeddable":true,"href":"https:\/\/www.promovet.com.mx\/index.php\/wp-json\/wp\/v2\/comments?post=18700"}],"version-history":[{"count":41,"href":"https:\/\/www.promovet.com.mx\/index.php\/wp-json\/wp\/v2\/pages\/18700\/revisions"}],"predecessor-version":[{"id":19253,"href":"https:\/\/www.promovet.com.mx\/index.php\/wp-json\/wp\/v2\/pages\/18700\/revisions\/19253"}],"wp:attachment":[{"href":"https:\/\/www.promovet.com.mx\/index.php\/wp-json\/wp\/v2\/media?parent=18700"}],"curies":[{"name":"wp","href":"https:\/\/api.w.org\/{rel}","templated":true}]}}