{"id":18749,"date":"2023-08-23T19:08:48","date_gmt":"2023-08-23T19:08:48","guid":{"rendered":"https:\/\/www.promovet.com.mx\/?page_id=18749"},"modified":"2024-07-01T20:08:09","modified_gmt":"2024-07-01T20:08:09","slug":"antibioticos-y-antimicrobianos","status":"publish","type":"page","link":"https:\/\/www.promovet.com.mx\/index.php\/antibioticos-y-antimicrobianos\/","title":{"rendered":"Antibi\u00f3ticos y antimicrobianos"},"content":{"rendered":"\n<div class=\"wp-block-columns is-layout-flex wp-container-core-columns-is-layout-28f84493 wp-block-columns-is-layout-flex\">\n<div class=\"wp-block-column is-layout-flow wp-block-column-is-layout-flow\">\n<figure class=\"wp-block-image size-full\"><img loading=\"lazy\" decoding=\"async\" width=\"600\" height=\"600\" src=\"https:\/\/www.promovet.com.mx\/wp-content\/uploads\/2016\/07\/trimesulvet.jpg\" alt=\"\" class=\"wp-image-18476\" srcset=\"https:\/\/www.promovet.com.mx\/wp-content\/uploads\/2016\/07\/trimesulvet.jpg 600w, https:\/\/www.promovet.com.mx\/wp-content\/uploads\/2016\/07\/trimesulvet-300x300.jpg 300w, https:\/\/www.promovet.com.mx\/wp-content\/uploads\/2016\/07\/trimesulvet-100x100.jpg 100w, https:\/\/www.promovet.com.mx\/wp-content\/uploads\/2016\/07\/trimesulvet-150x150.jpg 150w\" sizes=\"auto, (max-width: 600px) 100vw, 600px\" \/><\/figure>\n\n\n\n<h3 class=\"wp-block-heading has-text-align-center\">Trimesulvet<\/h3>\n\n\n\n<p class=\"has-text-align-center\">Trimesulvet es una combinaci\u00f3n antimicrobiana de amplio espectro. La asociaci\u00f3n de sus dos principios activos&#8230;<\/p>\n\n\n\n<div class=\"wp-block-buttons is-content-justification-center is-layout-flex wp-container-core-buttons-is-layout-a89b3969 wp-block-buttons-is-layout-flex\">\n<div class=\"wp-block-button\"><a class=\"wp-block-button__link has-text-align-center wp-element-button\" href=\"https:\/\/www.promovet.com.mx\/index.php\/product\/trimesulvet\/\">Ver m\u00e1s<\/a><\/div>\n<\/div>\n<\/div>\n\n\n\n<div class=\"wp-block-column is-layout-flow wp-block-column-is-layout-flow\">\n<figure class=\"wp-block-image size-full\"><img loading=\"lazy\" decoding=\"async\" width=\"600\" height=\"600\" src=\"https:\/\/www.promovet.com.mx\/wp-content\/uploads\/2016\/07\/Diclopen600.jpg\" alt=\"\" class=\"wp-image-18170\" srcset=\"https:\/\/www.promovet.com.mx\/wp-content\/uploads\/2016\/07\/Diclopen600.jpg 600w, https:\/\/www.promovet.com.mx\/wp-content\/uploads\/2016\/07\/Diclopen600-300x300.jpg 300w, https:\/\/www.promovet.com.mx\/wp-content\/uploads\/2016\/07\/Diclopen600-100x100.jpg 100w, https:\/\/www.promovet.com.mx\/wp-content\/uploads\/2016\/07\/Diclopen600-150x150.jpg 150w\" sizes=\"auto, (max-width: 600px) 100vw, 600px\" \/><\/figure>\n\n\n\n<h3 class=\"wp-block-heading has-text-align-center\">Diclopen-F<\/h3>\n\n\n\n<p class=\"has-text-align-center\">Diclopen-F es una combinaci\u00f3n antibi\u00f3tica sin\u00e9rgica, adicionada con un anti-inflamatorio no esteroide, en polvo&#8230;<\/p>\n\n\n\n<div class=\"wp-block-buttons is-content-justification-center is-layout-flex wp-container-core-buttons-is-layout-a89b3969 wp-block-buttons-is-layout-flex\">\n<div class=\"wp-block-button\"><a class=\"wp-block-button__link wp-element-button\" href=\"https:\/\/www.promovet.com.mx\/index.php\/product\/diclopen-f\/\">Ver m\u00e1s<\/a><\/div>\n<\/div>\n<\/div>\n\n\n\n<div class=\"wp-block-column is-layout-flow wp-block-column-is-layout-flow\">\n<figure class=\"wp-block-image size-full\"><img loading=\"lazy\" decoding=\"async\" width=\"600\" height=\"600\" src=\"https:\/\/www.promovet.com.mx\/wp-content\/uploads\/2016\/07\/Flumivet80.jpg\" alt=\"\" class=\"wp-image-18470\" srcset=\"https:\/\/www.promovet.com.mx\/wp-content\/uploads\/2016\/07\/Flumivet80.jpg 600w, https:\/\/www.promovet.com.mx\/wp-content\/uploads\/2016\/07\/Flumivet80-300x300.jpg 300w, https:\/\/www.promovet.com.mx\/wp-content\/uploads\/2016\/07\/Flumivet80-100x100.jpg 100w, https:\/\/www.promovet.com.mx\/wp-content\/uploads\/2016\/07\/Flumivet80-150x150.jpg 150w\" sizes=\"auto, (max-width: 600px) 100vw, 600px\" \/><\/figure>\n\n\n\n<h3 class=\"wp-block-heading has-text-align-center\">Flumivet-80<\/h3>\n\n\n\n<p class=\"has-text-align-center\">Diclopen-F es una combinaci\u00f3n antibi\u00f3tica sin\u00e9rgica, adicionada con un anti-inflamatorio no esteroide, en polvo&#8230;<\/p>\n\n\n\n<div class=\"wp-block-buttons is-content-justification-center is-layout-flex wp-container-core-buttons-is-layout-a89b3969 wp-block-buttons-is-layout-flex\">\n<div class=\"wp-block-button\"><a class=\"wp-block-button__link wp-element-button\" href=\"https:\/\/www.promovet.com.mx\/index.php\/product\/flumivet-80\/\">Ver m\u00e1s<\/a><\/div>\n<\/div>\n<\/div>\n\n\n\n<div class=\"wp-block-column is-layout-flow wp-block-column-is-layout-flow\">\n<figure class=\"wp-block-image size-full\"><img loading=\"lazy\" decoding=\"async\" width=\"600\" height=\"600\" src=\"https:\/\/www.promovet.com.mx\/wp-content\/uploads\/2016\/07\/Gentilab600.jpg\" alt=\"\" class=\"wp-image-18175\" srcset=\"https:\/\/www.promovet.com.mx\/wp-content\/uploads\/2016\/07\/Gentilab600.jpg 600w, https:\/\/www.promovet.com.mx\/wp-content\/uploads\/2016\/07\/Gentilab600-300x300.jpg 300w, https:\/\/www.promovet.com.mx\/wp-content\/uploads\/2016\/07\/Gentilab600-100x100.jpg 100w, https:\/\/www.promovet.com.mx\/wp-content\/uploads\/2016\/07\/Gentilab600-150x150.jpg 150w\" sizes=\"auto, (max-width: 600px) 100vw, 600px\" \/><\/figure>\n\n\n\n<h3 class=\"wp-block-heading has-text-align-center\">Gentilab 10%<\/h3>\n\n\n\n<p class=\"has-text-align-center\">La gentamicina es un antibi\u00f3tico del grupo de los aminoglic\u00f3sidos. Su actividad antibacteriana se produce al ligarse&#8230;<\/p>\n\n\n\n<div class=\"wp-block-buttons is-content-justification-center is-layout-flex wp-container-core-buttons-is-layout-a89b3969 wp-block-buttons-is-layout-flex\">\n<div class=\"wp-block-button\"><a class=\"wp-block-button__link has-text-align-center wp-element-button\" href=\"https:\/\/www.promovet.com.mx\/index.php\/product\/gentilab-10\/\">Ver m\u00e1s<\/a><\/div>\n<\/div>\n<\/div>\n<\/div>\n\n\n\n<div class=\"wp-block-columns is-layout-flex wp-container-core-columns-is-layout-28f84493 wp-block-columns-is-layout-flex\">\n<div class=\"wp-block-column is-layout-flow wp-block-column-is-layout-flow\">\n<figure class=\"wp-block-image size-full is-resized\"><img loading=\"lazy\" decoding=\"async\" width=\"600\" height=\"600\" src=\"https:\/\/www.promovet.com.mx\/wp-content\/uploads\/2016\/07\/OxitetraLA600.jpg\" alt=\"\" class=\"wp-image-18181\" style=\"width:258px;height:258px\" srcset=\"https:\/\/www.promovet.com.mx\/wp-content\/uploads\/2016\/07\/OxitetraLA600.jpg 600w, https:\/\/www.promovet.com.mx\/wp-content\/uploads\/2016\/07\/OxitetraLA600-300x300.jpg 300w, https:\/\/www.promovet.com.mx\/wp-content\/uploads\/2016\/07\/OxitetraLA600-100x100.jpg 100w, https:\/\/www.promovet.com.mx\/wp-content\/uploads\/2016\/07\/OxitetraLA600-150x150.jpg 150w\" sizes=\"auto, (max-width: 600px) 100vw, 600px\" \/><\/figure>\n\n\n\n<h3 class=\"wp-block-heading has-text-align-center\">Oxitetra LA<\/h3>\n\n\n\n<p class=\"has-text-align-center\">Soluci\u00f3n de oxitetraciclina HCL en un veh\u00edculo que le permite prolongar su vida media, manteniendo niveles&#8230;<\/p>\n\n\n\n<div class=\"wp-block-buttons is-content-justification-center is-layout-flex wp-container-core-buttons-is-layout-a89b3969 wp-block-buttons-is-layout-flex\">\n<div class=\"wp-block-button\"><a class=\"wp-block-button__link has-text-align-center wp-element-button\" href=\"https:\/\/www.promovet.com.mx\/index.php\/product\/oxitetra-la\/\">Ver m\u00e1s<\/a><\/div>\n<\/div>\n<\/div>\n\n\n\n<div class=\"wp-block-column is-layout-flow wp-block-column-is-layout-flow\">\n<figure class=\"wp-block-image size-full is-resized\"><img loading=\"lazy\" decoding=\"async\" width=\"600\" height=\"600\" src=\"https:\/\/www.promovet.com.mx\/wp-content\/uploads\/2016\/07\/Penicilina_Oleosa600.jpg\" alt=\"\" class=\"wp-image-18183\" style=\"width:258px;height:258px\" srcset=\"https:\/\/www.promovet.com.mx\/wp-content\/uploads\/2016\/07\/Penicilina_Oleosa600.jpg 600w, https:\/\/www.promovet.com.mx\/wp-content\/uploads\/2016\/07\/Penicilina_Oleosa600-300x300.jpg 300w, https:\/\/www.promovet.com.mx\/wp-content\/uploads\/2016\/07\/Penicilina_Oleosa600-100x100.jpg 100w, https:\/\/www.promovet.com.mx\/wp-content\/uploads\/2016\/07\/Penicilina_Oleosa600-150x150.jpg 150w\" sizes=\"auto, (max-width: 600px) 100vw, 600px\" \/><\/figure>\n\n\n\n<h3 class=\"wp-block-heading has-text-align-center\">Penicilina Oleosa<\/h3>\n\n\n\n<p class=\"has-text-align-center\">Penicilina Oleosa es un antibi\u00f3tico en suspensi\u00f3n oleosa inyectable, lo que le permite hacer m\u00e1s lenta su absorci\u00f3n&#8230;<\/p>\n\n\n\n<div class=\"wp-block-buttons is-content-justification-center is-layout-flex wp-container-core-buttons-is-layout-a89b3969 wp-block-buttons-is-layout-flex\">\n<div class=\"wp-block-button\"><a class=\"wp-block-button__link wp-element-button\" href=\"https:\/\/www.promovet.com.mx\/index.php\/product\/penicilina-oleosa\/\">Ver m\u00e1s<\/a><\/div>\n<\/div>\n<\/div>\n\n\n\n<div class=\"wp-block-column is-layout-flow wp-block-column-is-layout-flow\">\n<figure class=\"wp-block-image size-full\"><img loading=\"lazy\" decoding=\"async\" width=\"600\" height=\"600\" src=\"https:\/\/www.promovet.com.mx\/wp-content\/uploads\/2016\/07\/Suprim6001.jpg\" alt=\"\" class=\"wp-image-18185\" srcset=\"https:\/\/www.promovet.com.mx\/wp-content\/uploads\/2016\/07\/Suprim6001.jpg 600w, https:\/\/www.promovet.com.mx\/wp-content\/uploads\/2016\/07\/Suprim6001-300x300.jpg 300w, https:\/\/www.promovet.com.mx\/wp-content\/uploads\/2016\/07\/Suprim6001-100x100.jpg 100w, https:\/\/www.promovet.com.mx\/wp-content\/uploads\/2016\/07\/Suprim6001-150x150.jpg 150w\" sizes=\"auto, (max-width: 600px) 100vw, 600px\" \/><\/figure>\n\n\n\n<h3 class=\"wp-block-heading has-text-align-center\">Suprim<\/h3>\n\n\n\n<p class=\"has-text-align-center\">Suprim es una combinaci\u00f3n antimicrobiana de amplio espectro. La asociaci\u00f3n de sus dos principios&#8230;<\/p>\n\n\n\n<div class=\"wp-block-buttons is-content-justification-center is-layout-flex wp-container-core-buttons-is-layout-a89b3969 wp-block-buttons-is-layout-flex\">\n<div class=\"wp-block-button\"><a class=\"wp-block-button__link wp-element-button\" href=\"https:\/\/www.promovet.com.mx\/index.php\/product\/suprim\/\">Ver m\u00e1s<\/a><\/div>\n<\/div>\n<\/div>\n\n\n\n<div class=\"wp-block-column is-layout-flow wp-block-column-is-layout-flow\">\n<figure class=\"wp-block-image size-full is-resized\"><img loading=\"lazy\" decoding=\"async\" width=\"600\" height=\"600\" src=\"https:\/\/www.promovet.com.mx\/wp-content\/uploads\/2016\/07\/Vetiflox_oral600.jpg\" alt=\"\" class=\"wp-image-18193\" style=\"width:257px;height:257px\" srcset=\"https:\/\/www.promovet.com.mx\/wp-content\/uploads\/2016\/07\/Vetiflox_oral600.jpg 600w, https:\/\/www.promovet.com.mx\/wp-content\/uploads\/2016\/07\/Vetiflox_oral600-300x300.jpg 300w, https:\/\/www.promovet.com.mx\/wp-content\/uploads\/2016\/07\/Vetiflox_oral600-100x100.jpg 100w, https:\/\/www.promovet.com.mx\/wp-content\/uploads\/2016\/07\/Vetiflox_oral600-150x150.jpg 150w\" sizes=\"auto, (max-width: 600px) 100vw, 600px\" \/><\/figure>\n\n\n\n<h3 class=\"wp-block-heading has-text-align-center\">Vetiflox 10%<\/h3>\n\n\n\n<p class=\"has-text-align-center\">Oral soluci\u00f3n de enrofloxacina al 10% en un veh\u00edculo coloreado. La enrofloxacina es un antimicrobiano de 3a generaci\u00f3n&#8230;<\/p>\n\n\n\n<div class=\"wp-block-buttons is-content-justification-center is-layout-flex wp-container-core-buttons-is-layout-a89b3969 wp-block-buttons-is-layout-flex\">\n<div class=\"wp-block-button\"><a class=\"wp-block-button__link has-text-align-center wp-element-button\" href=\"https:\/\/www.promovet.com.mx\/index.php\/product\/vetiflox-10-oral\/\">Ver m\u00e1s<\/a><\/div>\n<\/div>\n<\/div>\n<\/div>\n\n\n\n<div class=\"wp-block-columns is-layout-flex wp-container-core-columns-is-layout-28f84493 wp-block-columns-is-layout-flex\">\n<div class=\"wp-block-column is-layout-flow wp-block-column-is-layout-flow\">\n<figure class=\"wp-block-image size-full\"><img loading=\"lazy\" decoding=\"async\" width=\"600\" height=\"600\" src=\"https:\/\/www.promovet.com.mx\/wp-content\/uploads\/2016\/07\/vetciclina.jpg\" alt=\"\" class=\"wp-image-18477\" srcset=\"https:\/\/www.promovet.com.mx\/wp-content\/uploads\/2016\/07\/vetciclina.jpg 600w, https:\/\/www.promovet.com.mx\/wp-content\/uploads\/2016\/07\/vetciclina-300x300.jpg 300w, https:\/\/www.promovet.com.mx\/wp-content\/uploads\/2016\/07\/vetciclina-100x100.jpg 100w, https:\/\/www.promovet.com.mx\/wp-content\/uploads\/2016\/07\/vetciclina-150x150.jpg 150w\" sizes=\"auto, (max-width: 600px) 100vw, 600px\" \/><\/figure>\n\n\n\n<h3 class=\"wp-block-heading has-text-align-center\">Vetciclina<\/h3>\n\n\n\n<p class=\"has-text-align-center\">La oxitetraciclina HCL es un antibi\u00f3tico bacteriost\u00e1tico de amplio espectro, que inhibe procesos enzimaticos&#8230;<\/p>\n\n\n\n<div class=\"wp-block-buttons is-content-justification-center is-layout-flex wp-container-core-buttons-is-layout-a89b3969 wp-block-buttons-is-layout-flex\">\n<div class=\"wp-block-button\"><a class=\"wp-block-button__link wp-element-button\" href=\"https:\/\/www.promovet.com.mx\/index.php\/product\/vetciclina\/\">Ver m\u00e1s<\/a><\/div>\n<\/div>\n<\/div>\n\n\n\n<div class=\"wp-block-column is-layout-flow wp-block-column-is-layout-flow\">\n<figure class=\"wp-block-image size-full\"><img loading=\"lazy\" decoding=\"async\" width=\"600\" height=\"600\" src=\"https:\/\/www.promovet.com.mx\/wp-content\/uploads\/2016\/07\/vetiflox.jpg\" alt=\"\" class=\"wp-image-18478\" srcset=\"https:\/\/www.promovet.com.mx\/wp-content\/uploads\/2016\/07\/vetiflox.jpg 600w, https:\/\/www.promovet.com.mx\/wp-content\/uploads\/2016\/07\/vetiflox-300x300.jpg 300w, https:\/\/www.promovet.com.mx\/wp-content\/uploads\/2016\/07\/vetiflox-100x100.jpg 100w, https:\/\/www.promovet.com.mx\/wp-content\/uploads\/2016\/07\/vetiflox-150x150.jpg 150w\" sizes=\"auto, (max-width: 600px) 100vw, 600px\" \/><\/figure>\n\n\n\n<h3 class=\"wp-block-heading has-text-align-center\">Vetiflox 10%<\/h3>\n\n\n\n<p class=\"has-text-align-center\">La enrofloxacina es un antimicrobiano de tercera generaci\u00f3n del grupo de las quinolonas&#8230;<\/p>\n\n\n\n<div class=\"wp-block-buttons is-content-justification-center is-layout-flex wp-container-core-buttons-is-layout-a89b3969 wp-block-buttons-is-layout-flex\">\n<div class=\"wp-block-button\"><a class=\"wp-block-button__link wp-element-button\" href=\"https:\/\/www.promovet.com.mx\/index.php\/product\/vetiflox-10-inyectable\/\">Ver m\u00e1s<\/a><\/div>\n<\/div>\n<\/div>\n\n\n\n<div class=\"wp-block-column is-layout-flow wp-block-column-is-layout-flow\"><\/div>\n\n\n\n<div class=\"wp-block-column is-layout-flow wp-block-column-is-layout-flow\"><\/div>\n<\/div>\n","protected":false},"excerpt":{"rendered":"<p>Trimesulvet Trimesulvet es una combinaci\u00f3n antimicrobiana de amplio espectro. La asociaci\u00f3n de sus dos principios activos&#8230; Diclopen-F Diclopen-F es una combinaci\u00f3n antibi\u00f3tica sin\u00e9rgica, adicionada con un anti-inflamatorio no esteroide, en polvo&#8230; Flumivet-80 Diclopen-F es una combinaci\u00f3n antibi\u00f3tica sin\u00e9rgica, adicionada con un anti-inflamatorio no esteroide, en polvo&#8230; Gentilab 10% La gentamicina es un antibi\u00f3tico del grupo [&hellip;]<\/p>\n","protected":false},"author":2,"featured_media":0,"parent":0,"menu_order":0,"comment_status":"closed","ping_status":"closed","template":"","meta":{"site-sidebar-layout":"default","site-content-layout":"","ast-site-content-layout":"default","site-content-style":"default","site-sidebar-style":"default","ast-global-header-display":"","ast-banner-title-visibility":"","ast-main-header-display":"","ast-hfb-above-header-display":"","ast-hfb-below-header-display":"","ast-hfb-mobile-header-display":"","site-post-title":"","ast-breadcrumbs-content":"","ast-featured-img":"","footer-sml-layout":"","theme-transparent-header-meta":"","adv-header-id-meta":"","stick-header-meta":"","header-above-stick-meta":"","header-main-stick-meta":"","header-below-stick-meta":"","astra-migrate-meta-layouts":"default","ast-page-background-enabled":"default","ast-page-background-meta":{"desktop":{"background-color":"var(--ast-global-color-4)","background-image":"","background-repeat":"repeat","background-position":"center center","background-size":"auto","background-attachment":"scroll","background-type":"","background-media":"","overlay-type":"","overlay-color":"","overlay-opacity":"","overlay-gradient":""},"tablet":{"background-color":"","background-image":"","background-repeat":"repeat","background-position":"center center","background-size":"auto","background-attachment":"scroll","background-type":"","background-media":"","overlay-type":"","overlay-color":"","overlay-opacity":"","overlay-gradient":""},"mobile":{"background-color":"","background-image":"","background-repeat":"repeat","background-position":"center center","background-size":"auto","background-attachment":"scroll","background-type":"","background-media":"","overlay-type":"","overlay-color":"","overlay-opacity":"","overlay-gradient":""}},"ast-content-background-meta":{"desktop":{"background-color":"var(--ast-global-color-5)","background-image":"","background-repeat":"repeat","background-position":"center center","background-size":"auto","background-attachment":"scroll","background-type":"","background-media":"","overlay-type":"","overlay-color":"","overlay-opacity":"","overlay-gradient":""},"tablet":{"background-color":"var(--ast-global-color-5)","background-image":"","background-repeat":"repeat","background-position":"center center","background-size":"auto","background-attachment":"scroll","background-type":"","background-media":"","overlay-type":"","overlay-color":"","overlay-opacity":"","overlay-gradient":""},"mobile":{"background-color":"var(--ast-global-color-5)","background-image":"","background-repeat":"repeat","background-position":"center center","background-size":"auto","background-attachment":"scroll","background-type":"","background-media":"","overlay-type":"","overlay-color":"","overlay-opacity":"","overlay-gradient":""}},"footnotes":""},"class_list":["post-18749","page","type-page","status-publish","hentry"],"_links":{"self":[{"href":"https:\/\/www.promovet.com.mx\/index.php\/wp-json\/wp\/v2\/pages\/18749","targetHints":{"allow":["GET"]}}],"collection":[{"href":"https:\/\/www.promovet.com.mx\/index.php\/wp-json\/wp\/v2\/pages"}],"about":[{"href":"https:\/\/www.promovet.com.mx\/index.php\/wp-json\/wp\/v2\/types\/page"}],"author":[{"embeddable":true,"href":"https:\/\/www.promovet.com.mx\/index.php\/wp-json\/wp\/v2\/users\/2"}],"replies":[{"embeddable":true,"href":"https:\/\/www.promovet.com.mx\/index.php\/wp-json\/wp\/v2\/comments?post=18749"}],"version-history":[{"count":35,"href":"https:\/\/www.promovet.com.mx\/index.php\/wp-json\/wp\/v2\/pages\/18749\/revisions"}],"predecessor-version":[{"id":19295,"href":"https:\/\/www.promovet.com.mx\/index.php\/wp-json\/wp\/v2\/pages\/18749\/revisions\/19295"}],"wp:attachment":[{"href":"https:\/\/www.promovet.com.mx\/index.php\/wp-json\/wp\/v2\/media?parent=18749"}],"curies":[{"name":"wp","href":"https:\/\/api.w.org\/{rel}","templated":true}]}}