{"id":18751,"date":"2023-08-23T19:09:21","date_gmt":"2023-08-23T19:09:21","guid":{"rendered":"https:\/\/www.promovet.com.mx\/?page_id=18751"},"modified":"2024-07-01T20:03:48","modified_gmt":"2024-07-01T20:03:48","slug":"antiparasitarios","status":"publish","type":"page","link":"https:\/\/www.promovet.com.mx\/index.php\/antiparasitarios\/","title":{"rendered":"Antiparasitarios"},"content":{"rendered":"\n<div class=\"wp-block-columns is-layout-flex wp-container-core-columns-is-layout-28f84493 wp-block-columns-is-layout-flex\">\n<div class=\"wp-block-column is-layout-flow wp-block-column-is-layout-flow\">\n<figure class=\"wp-block-image size-full\"><img loading=\"lazy\" decoding=\"async\" width=\"600\" height=\"600\" src=\"https:\/\/www.promovet.com.mx\/wp-content\/uploads\/2016\/06\/Iverlab1_600.jpg\" alt=\"\" class=\"wp-image-12983\" srcset=\"https:\/\/www.promovet.com.mx\/wp-content\/uploads\/2016\/06\/Iverlab1_600.jpg 600w, https:\/\/www.promovet.com.mx\/wp-content\/uploads\/2016\/06\/Iverlab1_600-300x300.jpg 300w, https:\/\/www.promovet.com.mx\/wp-content\/uploads\/2016\/06\/Iverlab1_600-100x100.jpg 100w, https:\/\/www.promovet.com.mx\/wp-content\/uploads\/2016\/06\/Iverlab1_600-150x150.jpg 150w\" sizes=\"auto, (max-width: 600px) 100vw, 600px\" \/><\/figure>\n\n\n\n<h3 class=\"wp-block-heading has-text-align-center\">Iverlab 1.0%<\/h3>\n\n\n\n<p class=\"has-text-align-center\">Soluci\u00f3n endectocida inyectable de amplio espectro (activa como nematodicida, insecticida y acaricida). La ivermectina&#8230;<\/p>\n\n\n\n<div class=\"wp-block-buttons is-content-justification-center is-layout-flex wp-container-core-buttons-is-layout-a89b3969 wp-block-buttons-is-layout-flex\">\n<div class=\"wp-block-button\"><a class=\"wp-block-button__link wp-element-button\" href=\"https:\/\/www.promovet.com.mx\/index.php\/product\/iverlab-1\/\">Ver m\u00e1s<\/a><\/div>\n<\/div>\n<\/div>\n\n\n\n<div class=\"wp-block-column is-layout-flow wp-block-column-is-layout-flow\">\n<figure class=\"wp-block-image size-full\"><img loading=\"lazy\" decoding=\"async\" width=\"600\" height=\"600\" src=\"https:\/\/www.promovet.com.mx\/wp-content\/uploads\/2017\/04\/iverlab_dog.jpg\" alt=\"\" class=\"wp-image-18487\" srcset=\"https:\/\/www.promovet.com.mx\/wp-content\/uploads\/2017\/04\/iverlab_dog.jpg 600w, https:\/\/www.promovet.com.mx\/wp-content\/uploads\/2017\/04\/iverlab_dog-300x300.jpg 300w, https:\/\/www.promovet.com.mx\/wp-content\/uploads\/2017\/04\/iverlab_dog-100x100.jpg 100w, https:\/\/www.promovet.com.mx\/wp-content\/uploads\/2017\/04\/iverlab_dog-150x150.jpg 150w\" sizes=\"auto, (max-width: 600px) 100vw, 600px\" \/><\/figure>\n\n\n\n<h3 class=\"wp-block-heading has-text-align-center\">Iverlab Dog<\/h3>\n\n\n\n<p class=\"has-text-align-center\">Iverlab Dog es un endectocida para uso oral, inidcado para el control de infestaciones por par\u00e1sitos sensibles&#8230;<\/p>\n\n\n\n<div class=\"wp-block-buttons is-content-justification-center is-layout-flex wp-container-core-buttons-is-layout-a89b3969 wp-block-buttons-is-layout-flex\">\n<div class=\"wp-block-button\"><a class=\"wp-block-button__link wp-element-button\" href=\"https:\/\/www.promovet.com.mx\/index.php\/product\/iverlab-dog\/\">Ver m\u00e1s<\/a><\/div>\n<\/div>\n\n\n\n<p><\/p>\n<\/div>\n\n\n\n<div class=\"wp-block-column is-layout-flow wp-block-column-is-layout-flow\">\n<figure class=\"wp-block-image size-full\"><img loading=\"lazy\" decoding=\"async\" width=\"600\" height=\"600\" src=\"https:\/\/www.promovet.com.mx\/wp-content\/uploads\/2017\/04\/iversulon.jpg\" alt=\"\" class=\"wp-image-18488\" srcset=\"https:\/\/www.promovet.com.mx\/wp-content\/uploads\/2017\/04\/iversulon.jpg 600w, https:\/\/www.promovet.com.mx\/wp-content\/uploads\/2017\/04\/iversulon-300x300.jpg 300w, https:\/\/www.promovet.com.mx\/wp-content\/uploads\/2017\/04\/iversulon-100x100.jpg 100w, https:\/\/www.promovet.com.mx\/wp-content\/uploads\/2017\/04\/iversulon-150x150.jpg 150w\" sizes=\"auto, (max-width: 600px) 100vw, 600px\" \/><\/figure>\n\n\n\n<h3 class=\"wp-block-heading has-text-align-center\">Iversul\u00f3n<\/h3>\n\n\n\n<p class=\"has-text-align-center\">Soluci\u00f3n endectocida inyectable de amplio espectro (activa como nematodicida, insecticida y acaricida) en la que tambi\u00e9n&#8230;<\/p>\n\n\n\n<div class=\"wp-block-buttons is-content-justification-center is-layout-flex wp-container-core-buttons-is-layout-a89b3969 wp-block-buttons-is-layout-flex\">\n<div class=\"wp-block-button\"><a class=\"wp-block-button__link wp-element-button\" href=\"https:\/\/www.promovet.com.mx\/index.php\/product\/iversulon\/\">Ver m\u00e1s<\/a><\/div>\n<\/div>\n<\/div>\n\n\n\n<div class=\"wp-block-column is-layout-flow wp-block-column-is-layout-flow\">\n<figure class=\"wp-block-image size-full\"><img loading=\"lazy\" decoding=\"async\" width=\"600\" height=\"600\" src=\"https:\/\/www.promovet.com.mx\/wp-content\/uploads\/2017\/04\/levamitev12.jpg\" alt=\"\" class=\"wp-image-18489\" srcset=\"https:\/\/www.promovet.com.mx\/wp-content\/uploads\/2017\/04\/levamitev12.jpg 600w, https:\/\/www.promovet.com.mx\/wp-content\/uploads\/2017\/04\/levamitev12-300x300.jpg 300w, https:\/\/www.promovet.com.mx\/wp-content\/uploads\/2017\/04\/levamitev12-100x100.jpg 100w, https:\/\/www.promovet.com.mx\/wp-content\/uploads\/2017\/04\/levamitev12-150x150.jpg 150w\" sizes=\"auto, (max-width: 600px) 100vw, 600px\" \/><\/figure>\n\n\n\n<h3 class=\"wp-block-heading has-text-align-center\">Lavemivet 12%<\/h3>\n\n\n\n<p class=\"has-text-align-center\">Soluci\u00f3n antihelm\u00edntica de amplio espectro. El levamisol es un imidazotiazol cuyo mecanismo de acci\u00f3n provoca&#8230;<\/p>\n\n\n\n<div class=\"wp-block-buttons is-content-justification-center is-layout-flex wp-container-core-buttons-is-layout-a89b3969 wp-block-buttons-is-layout-flex\">\n<div class=\"wp-block-button\"><a class=\"wp-block-button__link wp-element-button\" href=\"https:\/\/www.promovet.com.mx\/index.php\/product\/levamivet-12\/\">Ver m\u00e1s<\/a><\/div>\n<\/div>\n<\/div>\n<\/div>\n","protected":false},"excerpt":{"rendered":"<p>Iverlab 1.0% Soluci\u00f3n endectocida inyectable de amplio espectro (activa como nematodicida, insecticida y acaricida). La ivermectina&#8230; Iverlab Dog Iverlab Dog es un endectocida para uso oral, inidcado para el control de infestaciones por par\u00e1sitos sensibles&#8230; Iversul\u00f3n Soluci\u00f3n endectocida inyectable de amplio espectro (activa como nematodicida, insecticida y acaricida) en la que tambi\u00e9n&#8230; Lavemivet 12% Soluci\u00f3n [&hellip;]<\/p>\n","protected":false},"author":2,"featured_media":0,"parent":0,"menu_order":0,"comment_status":"closed","ping_status":"closed","template":"","meta":{"site-sidebar-layout":"default","site-content-layout":"","ast-site-content-layout":"default","site-content-style":"default","site-sidebar-style":"default","ast-global-header-display":"","ast-banner-title-visibility":"","ast-main-header-display":"","ast-hfb-above-header-display":"","ast-hfb-below-header-display":"","ast-hfb-mobile-header-display":"","site-post-title":"","ast-breadcrumbs-content":"","ast-featured-img":"","footer-sml-layout":"","theme-transparent-header-meta":"","adv-header-id-meta":"","stick-header-meta":"","header-above-stick-meta":"","header-main-stick-meta":"","header-below-stick-meta":"","astra-migrate-meta-layouts":"default","ast-page-background-enabled":"default","ast-page-background-meta":{"desktop":{"background-color":"var(--ast-global-color-4)","background-image":"","background-repeat":"repeat","background-position":"center center","background-size":"auto","background-attachment":"scroll","background-type":"","background-media":"","overlay-type":"","overlay-color":"","overlay-opacity":"","overlay-gradient":""},"tablet":{"background-color":"","background-image":"","background-repeat":"repeat","background-position":"center center","background-size":"auto","background-attachment":"scroll","background-type":"","background-media":"","overlay-type":"","overlay-color":"","overlay-opacity":"","overlay-gradient":""},"mobile":{"background-color":"","background-image":"","background-repeat":"repeat","background-position":"center center","background-size":"auto","background-attachment":"scroll","background-type":"","background-media":"","overlay-type":"","overlay-color":"","overlay-opacity":"","overlay-gradient":""}},"ast-content-background-meta":{"desktop":{"background-color":"var(--ast-global-color-5)","background-image":"","background-repeat":"repeat","background-position":"center center","background-size":"auto","background-attachment":"scroll","background-type":"","background-media":"","overlay-type":"","overlay-color":"","overlay-opacity":"","overlay-gradient":""},"tablet":{"background-color":"var(--ast-global-color-5)","background-image":"","background-repeat":"repeat","background-position":"center center","background-size":"auto","background-attachment":"scroll","background-type":"","background-media":"","overlay-type":"","overlay-color":"","overlay-opacity":"","overlay-gradient":""},"mobile":{"background-color":"var(--ast-global-color-5)","background-image":"","background-repeat":"repeat","background-position":"center center","background-size":"auto","background-attachment":"scroll","background-type":"","background-media":"","overlay-type":"","overlay-color":"","overlay-opacity":"","overlay-gradient":""}},"footnotes":""},"class_list":["post-18751","page","type-page","status-publish","hentry"],"_links":{"self":[{"href":"https:\/\/www.promovet.com.mx\/index.php\/wp-json\/wp\/v2\/pages\/18751","targetHints":{"allow":["GET"]}}],"collection":[{"href":"https:\/\/www.promovet.com.mx\/index.php\/wp-json\/wp\/v2\/pages"}],"about":[{"href":"https:\/\/www.promovet.com.mx\/index.php\/wp-json\/wp\/v2\/types\/page"}],"author":[{"embeddable":true,"href":"https:\/\/www.promovet.com.mx\/index.php\/wp-json\/wp\/v2\/users\/2"}],"replies":[{"embeddable":true,"href":"https:\/\/www.promovet.com.mx\/index.php\/wp-json\/wp\/v2\/comments?post=18751"}],"version-history":[{"count":9,"href":"https:\/\/www.promovet.com.mx\/index.php\/wp-json\/wp\/v2\/pages\/18751\/revisions"}],"predecessor-version":[{"id":19291,"href":"https:\/\/www.promovet.com.mx\/index.php\/wp-json\/wp\/v2\/pages\/18751\/revisions\/19291"}],"wp:attachment":[{"href":"https:\/\/www.promovet.com.mx\/index.php\/wp-json\/wp\/v2\/media?parent=18751"}],"curies":[{"name":"wp","href":"https:\/\/api.w.org\/{rel}","templated":true}]}}