{"id":18766,"date":"2023-08-23T19:14:37","date_gmt":"2023-08-23T19:14:37","guid":{"rendered":"https:\/\/www.promovet.com.mx\/?page_id=18766"},"modified":"2024-07-01T20:09:03","modified_gmt":"2024-07-01T20:09:03","slug":"aves","status":"publish","type":"page","link":"https:\/\/www.promovet.com.mx\/index.php\/aves\/","title":{"rendered":"Aves"},"content":{"rendered":"\n<hr class=\"wp-block-separator has-alpha-channel-opacity\"\/>\n\n\n\n<h3 class=\"wp-block-heading has-text-align-center\">Vitam\u00ednicos y Reconstituyentes<\/h3>\n\n\n\n<div class=\"wp-block-columns is-layout-flex wp-container-core-columns-is-layout-28f84493 wp-block-columns-is-layout-flex\">\n<div class=\"wp-block-column is-layout-flow wp-block-column-is-layout-flow\">\n<figure class=\"wp-block-image\"><img loading=\"lazy\" decoding=\"async\" width=\"600\" height=\"600\" src=\"https:\/\/www.promovet.com.mx\/wp-content\/uploads\/2016\/07\/CobaxinF600.jpg\" alt=\"\" class=\"wp-image-18220\" srcset=\"https:\/\/www.promovet.com.mx\/wp-content\/uploads\/2016\/07\/CobaxinF600.jpg 600w, https:\/\/www.promovet.com.mx\/wp-content\/uploads\/2016\/07\/CobaxinF600-300x300.jpg 300w, https:\/\/www.promovet.com.mx\/wp-content\/uploads\/2016\/07\/CobaxinF600-100x100.jpg 100w, https:\/\/www.promovet.com.mx\/wp-content\/uploads\/2016\/07\/CobaxinF600-150x150.jpg 150w\" sizes=\"auto, (max-width: 600px) 100vw, 600px\" \/><\/figure>\n\n\n\n<h3 class=\"wp-block-heading has-text-align-center\">Cobax\u00edn-F<\/h3>\n\n\n\n<p class=\"has-text-align-center\">Cobax\u00edn-F es una soluci\u00f3n inyectable formulada con vitaminas en alta concentraci\u00f3n. La vitamina B12 es un compuesto&#8230;<\/p>\n\n\n\n<div class=\"wp-block-buttons is-content-justification-center is-layout-flex wp-container-core-buttons-is-layout-a89b3969 wp-block-buttons-is-layout-flex\">\n<div class=\"wp-block-button\"><a class=\"wp-block-button__link wp-element-button\" href=\"https:\/\/www.promovet.com.mx\/index.php\/product\/cobaxin-f\/\">Ver m\u00e1s<\/a><\/div>\n<\/div>\n<\/div>\n\n\n\n<div class=\"wp-block-column is-layout-flow wp-block-column-is-layout-flow\">\n<figure class=\"wp-block-image\"><img loading=\"lazy\" decoding=\"async\" width=\"600\" height=\"600\" src=\"https:\/\/www.promovet.com.mx\/wp-content\/uploads\/2016\/07\/ComplejoB600-1.jpg\" alt=\"\" class=\"wp-image-18258\" srcset=\"https:\/\/www.promovet.com.mx\/wp-content\/uploads\/2016\/07\/ComplejoB600-1.jpg 600w, https:\/\/www.promovet.com.mx\/wp-content\/uploads\/2016\/07\/ComplejoB600-1-300x300.jpg 300w, https:\/\/www.promovet.com.mx\/wp-content\/uploads\/2016\/07\/ComplejoB600-1-100x100.jpg 100w, https:\/\/www.promovet.com.mx\/wp-content\/uploads\/2016\/07\/ComplejoB600-1-150x150.jpg 150w\" sizes=\"auto, (max-width: 600px) 100vw, 600px\" \/><\/figure>\n\n\n\n<h3 class=\"wp-block-heading has-text-align-center\">Complejo B Vetilab<\/h3>\n\n\n\n<p class=\"has-text-align-center\">Soluci\u00f3n inyectable formulada con vitaminas del complejo B. Tratamiento y prevenci\u00f3n de carencias o deficiencias\u2026<\/p>\n\n\n\n<div class=\"wp-block-buttons is-content-justification-center is-layout-flex wp-container-core-buttons-is-layout-a89b3969 wp-block-buttons-is-layout-flex\">\n<div class=\"wp-block-button\"><a class=\"wp-block-button__link wp-element-button\" href=\"https:\/\/www.promovet.com.mx\/index.php\/product\/complejo-b-vetilab\/\">Ver m\u00e1s<\/a><\/div>\n<\/div>\n<\/div>\n\n\n\n<div class=\"wp-block-column is-layout-flow wp-block-column-is-layout-flow\">\n<div class=\"wp-block-buttons is-content-justification-center is-layout-flex wp-container-core-buttons-is-layout-a89b3969 wp-block-buttons-is-layout-flex\"><\/div>\n<\/div>\n\n\n\n<div class=\"wp-block-column is-layout-flow wp-block-column-is-layout-flow\"><\/div>\n<\/div>\n\n\n\n<hr class=\"wp-block-separator has-alpha-channel-opacity\"\/>\n\n\n\n<h3 class=\"wp-block-heading has-text-align-center\">Farmac\u00e9uticos en general<\/h3>\n\n\n\n<div class=\"wp-block-columns is-layout-flex wp-container-core-columns-is-layout-28f84493 wp-block-columns-is-layout-flex\">\n<div class=\"wp-block-column is-layout-flow wp-block-column-is-layout-flow\">\n<figure class=\"wp-block-image\"><img loading=\"lazy\" decoding=\"async\" width=\"600\" height=\"600\" src=\"https:\/\/www.promovet.com.mx\/wp-content\/uploads\/2017\/04\/azul_vetilab.jpg\" alt=\"\" class=\"wp-image-18480\" srcset=\"https:\/\/www.promovet.com.mx\/wp-content\/uploads\/2017\/04\/azul_vetilab.jpg 600w, https:\/\/www.promovet.com.mx\/wp-content\/uploads\/2017\/04\/azul_vetilab-300x300.jpg 300w, https:\/\/www.promovet.com.mx\/wp-content\/uploads\/2017\/04\/azul_vetilab-100x100.jpg 100w, https:\/\/www.promovet.com.mx\/wp-content\/uploads\/2017\/04\/azul_vetilab-150x150.jpg 150w\" sizes=\"auto, (max-width: 600px) 100vw, 600px\" \/><\/figure>\n\n\n\n<h3 class=\"wp-block-heading has-text-align-center\">Azul Vetilab<\/h3>\n\n\n\n<p class=\"has-text-align-center\">Soluci\u00f3n antis\u00e9ptica, cicatrizante y astringente para uso t\u00f3pico\u2026<\/p>\n\n\n\n<div class=\"wp-block-buttons is-content-justification-center is-layout-flex wp-container-core-buttons-is-layout-a89b3969 wp-block-buttons-is-layout-flex\">\n<div class=\"wp-block-button\"><a class=\"wp-block-button__link wp-element-button\" href=\"https:\/\/www.promovet.com.mx\/index.php\/product\/azul-vetilab\/\">Ver m\u00e1s<\/a><\/div>\n<\/div>\n<\/div>\n\n\n\n<div class=\"wp-block-column is-layout-flow wp-block-column-is-layout-flow\"><\/div>\n\n\n\n<div class=\"wp-block-column is-layout-flow wp-block-column-is-layout-flow\"><\/div>\n\n\n\n<div class=\"wp-block-column is-layout-flow wp-block-column-is-layout-flow\"><\/div>\n<\/div>\n\n\n\n<hr class=\"wp-block-separator has-alpha-channel-opacity\"\/>\n\n\n\n<h3 class=\"wp-block-heading has-text-align-center\">Antibi\u00f3ticos y Antimicrobianos<\/h3>\n\n\n\n<div class=\"wp-block-columns is-layout-flex wp-container-core-columns-is-layout-28f84493 wp-block-columns-is-layout-flex\">\n<div class=\"wp-block-column is-layout-flow wp-block-column-is-layout-flow\">\n<figure class=\"wp-block-image\"><img loading=\"lazy\" decoding=\"async\" width=\"600\" height=\"600\" src=\"https:\/\/www.promovet.com.mx\/wp-content\/uploads\/2016\/07\/Vetiflox_oral600.jpg\" alt=\"\" class=\"wp-image-18193\" srcset=\"https:\/\/www.promovet.com.mx\/wp-content\/uploads\/2016\/07\/Vetiflox_oral600.jpg 600w, https:\/\/www.promovet.com.mx\/wp-content\/uploads\/2016\/07\/Vetiflox_oral600-300x300.jpg 300w, https:\/\/www.promovet.com.mx\/wp-content\/uploads\/2016\/07\/Vetiflox_oral600-100x100.jpg 100w, https:\/\/www.promovet.com.mx\/wp-content\/uploads\/2016\/07\/Vetiflox_oral600-150x150.jpg 150w\" sizes=\"auto, (max-width: 600px) 100vw, 600px\" \/><\/figure>\n\n\n\n<h3 class=\"wp-block-heading has-text-align-center\">Vetiflox 10%<\/h3>\n\n\n\n<p class=\"has-text-align-center\">Oral soluci\u00f3n de enrofloxacina al 10% en un veh\u00edculo coloreado. La enrofloxacina es un antimicrobiano de 3a generaci\u00f3n\u2026<\/p>\n\n\n\n<div class=\"wp-block-buttons is-content-justification-center is-layout-flex wp-container-core-buttons-is-layout-a89b3969 wp-block-buttons-is-layout-flex\">\n<div class=\"wp-block-button\"><a class=\"wp-block-button__link wp-element-button\" href=\"https:\/\/www.promovet.com.mx\/index.php\/product\/vetiflox-10-oral\/\">Ver m\u00e1s<\/a><\/div>\n<\/div>\n<\/div>\n\n\n\n<div class=\"wp-block-column is-layout-flow wp-block-column-is-layout-flow\"><\/div>\n\n\n\n<div class=\"wp-block-column is-layout-flow wp-block-column-is-layout-flow\"><\/div>\n\n\n\n<div class=\"wp-block-column is-layout-flow wp-block-column-is-layout-flow\"><\/div>\n<\/div>\n","protected":false},"excerpt":{"rendered":"<p>Vitam\u00ednicos y Reconstituyentes Cobax\u00edn-F Cobax\u00edn-F es una soluci\u00f3n inyectable formulada con vitaminas en alta concentraci\u00f3n. La vitamina B12 es un compuesto&#8230; Complejo B Vetilab Soluci\u00f3n inyectable formulada con vitaminas del complejo B. Tratamiento y prevenci\u00f3n de carencias o deficiencias\u2026 Farmac\u00e9uticos en general Azul Vetilab Soluci\u00f3n antis\u00e9ptica, cicatrizante y astringente para uso t\u00f3pico\u2026 Antibi\u00f3ticos y Antimicrobianos [&hellip;]<\/p>\n","protected":false},"author":2,"featured_media":0,"parent":0,"menu_order":0,"comment_status":"closed","ping_status":"closed","template":"","meta":{"site-sidebar-layout":"default","site-content-layout":"","ast-site-content-layout":"default","site-content-style":"default","site-sidebar-style":"default","ast-global-header-display":"","ast-banner-title-visibility":"","ast-main-header-display":"","ast-hfb-above-header-display":"","ast-hfb-below-header-display":"","ast-hfb-mobile-header-display":"","site-post-title":"","ast-breadcrumbs-content":"","ast-featured-img":"","footer-sml-layout":"","theme-transparent-header-meta":"","adv-header-id-meta":"","stick-header-meta":"","header-above-stick-meta":"","header-main-stick-meta":"","header-below-stick-meta":"","astra-migrate-meta-layouts":"default","ast-page-background-enabled":"default","ast-page-background-meta":{"desktop":{"background-color":"var(--ast-global-color-4)","background-image":"","background-repeat":"repeat","background-position":"center center","background-size":"auto","background-attachment":"scroll","background-type":"","background-media":"","overlay-type":"","overlay-color":"","overlay-opacity":"","overlay-gradient":""},"tablet":{"background-color":"","background-image":"","background-repeat":"repeat","background-position":"center center","background-size":"auto","background-attachment":"scroll","background-type":"","background-media":"","overlay-type":"","overlay-color":"","overlay-opacity":"","overlay-gradient":""},"mobile":{"background-color":"","background-image":"","background-repeat":"repeat","background-position":"center center","background-size":"auto","background-attachment":"scroll","background-type":"","background-media":"","overlay-type":"","overlay-color":"","overlay-opacity":"","overlay-gradient":""}},"ast-content-background-meta":{"desktop":{"background-color":"var(--ast-global-color-5)","background-image":"","background-repeat":"repeat","background-position":"center center","background-size":"auto","background-attachment":"scroll","background-type":"","background-media":"","overlay-type":"","overlay-color":"","overlay-opacity":"","overlay-gradient":""},"tablet":{"background-color":"var(--ast-global-color-5)","background-image":"","background-repeat":"repeat","background-position":"center center","background-size":"auto","background-attachment":"scroll","background-type":"","background-media":"","overlay-type":"","overlay-color":"","overlay-opacity":"","overlay-gradient":""},"mobile":{"background-color":"var(--ast-global-color-5)","background-image":"","background-repeat":"repeat","background-position":"center center","background-size":"auto","background-attachment":"scroll","background-type":"","background-media":"","overlay-type":"","overlay-color":"","overlay-opacity":"","overlay-gradient":""}},"footnotes":""},"class_list":["post-18766","page","type-page","status-publish","hentry"],"_links":{"self":[{"href":"https:\/\/www.promovet.com.mx\/index.php\/wp-json\/wp\/v2\/pages\/18766","targetHints":{"allow":["GET"]}}],"collection":[{"href":"https:\/\/www.promovet.com.mx\/index.php\/wp-json\/wp\/v2\/pages"}],"about":[{"href":"https:\/\/www.promovet.com.mx\/index.php\/wp-json\/wp\/v2\/types\/page"}],"author":[{"embeddable":true,"href":"https:\/\/www.promovet.com.mx\/index.php\/wp-json\/wp\/v2\/users\/2"}],"replies":[{"embeddable":true,"href":"https:\/\/www.promovet.com.mx\/index.php\/wp-json\/wp\/v2\/comments?post=18766"}],"version-history":[{"count":11,"href":"https:\/\/www.promovet.com.mx\/index.php\/wp-json\/wp\/v2\/pages\/18766\/revisions"}],"predecessor-version":[{"id":19298,"href":"https:\/\/www.promovet.com.mx\/index.php\/wp-json\/wp\/v2\/pages\/18766\/revisions\/19298"}],"wp:attachment":[{"href":"https:\/\/www.promovet.com.mx\/index.php\/wp-json\/wp\/v2\/media?parent=18766"}],"curies":[{"name":"wp","href":"https:\/\/api.w.org\/{rel}","templated":true}]}}