{"id":12964,"date":"2016-06-17T22:03:31","date_gmt":"2016-06-17T22:03:31","guid":{"rendered":"http:\/\/bench.com.mx\/promovet\/?post_type=product&#038;p=12964"},"modified":"2022-12-06T21:31:31","modified_gmt":"2022-12-06T21:31:31","slug":"12964","status":"publish","type":"product","link":"https:\/\/www.promovet.com.mx\/index.php\/product\/12964\/","title":{"rendered":"Dipirox"},"content":{"rendered":"<p><strong>F\u00d3RMULA: Cada 100 ml contienen:<br \/>\nDipirona s\u00f3dica \u2026\u2026\u2026\u2026\u2026\u2026\u2026.. 50.00 g<br \/>\nVeh\u00edculo c.b.p \u2026\u2026\u2026\u2026\u2026\u2026\u2026\u2026. 100 ml<\/strong><\/p>\n<p><strong><br \/>\nINDICACIONES<\/strong><br \/>\nSe indica en el control del dolor y del aumento de la frecuencia e intensidad de las contracciones intestinales y uterinas como en casos de c\u00f3lico y durante el parto. Se emplea para reducir la fiebre en animales que la manifiestan a consecuencia de enfermedades infecciosas (respiratorias, digestivas, anaplasmosis y piroplasmosis entre otras) y en el tratamiento coadyuvante en traumatismos, cirug\u00eda, problemas articulares y tendinosos.<\/p>\n<p><strong>ADMINISTRACI\u00d3N Y DOSIS<\/strong><br \/>\nESPECIES EN LAS QUE SE INDICA: Bovinos, equinos, ovinos, caprinos, porcinos, caninos y felinos.<br \/>\nDOSIS:<br \/>\nEquinos y bovinos (productores de carne y leche): 20 a 60 ml<br \/>\nPotros y terneros: 5 a 15 ml<br \/>\nOvinos y caprinos: 2 a 8 ml<br \/>\nPorcinos adultos: 10 a 30 ml<br \/>\nLechones: 2 a 5 ml<br \/>\nCaninos: 1 a 15 ml<br \/>\nFelinos: 0.5 a 1 ml<br \/>\nEn caso necesario, la dosis puede repetirse cada 4 horas.<br \/>\nADMINISTRACI\u00d3N Y DOSIS<br \/>\nESPECIES EN LAS QUE SE INDICA: Bovinos, equinos, ovinos, caprinos, porcinos, caninos y felinos.<br \/>\nDOSIS:<br \/>\nEquinos y bovinos (productores de carne y leche): 20 a 60 ml<br \/>\nPotros y terneros: 5 a 15 ml<br \/>\nOvinos y caprinos: 2 a 8 ml<br \/>\nPorcinos adultos: 10 a 30 ml<br \/>\nLechones: 2 a 5 ml<br \/>\nCaninos: 1 a 15 ml<br \/>\nFelinos: 0.5 a 1 ml<br \/>\nEn caso necesario, la dosis puede repetirse cada 4 horas.<\/p>\n<div class=\"panel-heading\">\n<h4 class=\"panel-title toggle\">PRECAUCIONES Y ADVERTENCIAS<\/h4>\n<h4 class=\"panel-title toggle\"><strong>TIEMPO DE RETIRO:<\/strong>\u00a0Carne: 2 d\u00edas. Leche 2 d\u00edas.<br \/>\n<strong>PRECAUCIONES:<\/strong>\u00a0En case del tratamiento coadyuvante en\u00a0procesos infecciosos, \u00e9stos deber\u00e1n ser tratados con el antiinfeccioso\u00a0de elecci\u00f3n.\u00a0Mant\u00e9ngase en lugar fresco y al abrigo de la luz.<br \/>\n<strong>ADVERTENCIAS<\/strong>:\u00a0No administrar este producto a equinos\u00a0destinados para consumo humano. Producto para uso exclusivo\u00a0en medicina veterinaria.<br \/>\n<strong>PRESENTACIONES<\/strong>:\u00a0Frasco \u00e1mpula con 50, 100 y 250 ml.<\/h4>\n<p><a title=\"Ficha T\u00e9cnica\" href=\"https:\/\/www.promovet.com.mx\/wp-content\/uploads\/2022\/12\/FICHA-TECNICA-Dipirox.pdf\" target=\"_blank\" rel=\"noopener\">Descargar ficha t\u00e9cnica completa en PDF<\/a><\/p>\n<\/div>\n<div id=\"291bbe60d087874cf\" class=\"panel-collapse collapse in\"><\/div>\n","protected":false},"excerpt":{"rendered":"<p>La dipirona (metamizol), es un analg\u00e9sico, antiinflamatorio, antipir\u00e9tico y antiespasm\u00f3dico no esteroide, de la familia de las pirazolonas. Act\u00faa como un antipir\u00e9tico muy eficiente, as\u00ed como antiespasm\u00f3dico, provocando la relajaci\u00f3n del m\u00fasculo liso.<\/p>\n","protected":false},"featured_media":18483,"template":"","meta":{"site-sidebar-layout":"default","site-content-layout":"","ast-site-content-layout":"default","site-content-style":"default","site-sidebar-style":"default","ast-global-header-display":"","ast-banner-title-visibility":"","ast-main-header-display":"","ast-hfb-above-header-display":"","ast-hfb-below-header-display":"","ast-hfb-mobile-header-display":"","site-post-title":"","ast-breadcrumbs-content":"","ast-featured-img":"","footer-sml-layout":"","theme-transparent-header-meta":"","adv-header-id-meta":"","stick-header-meta":"","header-above-stick-meta":"","header-main-stick-meta":"","header-below-stick-meta":"","astra-migrate-meta-layouts":"default","ast-page-background-enabled":"default","ast-page-background-meta":{"desktop":{"background-color":"var(--ast-global-color-4)","background-image":"","background-repeat":"repeat","background-position":"center center","background-size":"auto","background-attachment":"scroll","background-type":"","background-media":"","overlay-type":"","overlay-color":"","overlay-opacity":"","overlay-gradient":""},"tablet":{"background-color":"","background-image":"","background-repeat":"repeat","background-position":"center center","background-size":"auto","background-attachment":"scroll","background-type":"","background-media":"","overlay-type":"","overlay-color":"","overlay-opacity":"","overlay-gradient":""},"mobile":{"background-color":"","background-image":"","background-repeat":"repeat","background-position":"center center","background-size":"auto","background-attachment":"scroll","background-type":"","background-media":"","overlay-type":"","overlay-color":"","overlay-opacity":"","overlay-gradient":""}},"ast-content-background-meta":{"desktop":{"background-color":"var(--ast-global-color-5)","background-image":"","background-repeat":"repeat","background-position":"center center","background-size":"auto","background-attachment":"scroll","background-type":"","background-media":"","overlay-type":"","overlay-color":"","overlay-opacity":"","overlay-gradient":""},"tablet":{"background-color":"var(--ast-global-color-5)","background-image":"","background-repeat":"repeat","background-position":"center center","background-size":"auto","background-attachment":"scroll","background-type":"","background-media":"","overlay-type":"","overlay-color":"","overlay-opacity":"","overlay-gradient":""},"mobile":{"background-color":"var(--ast-global-color-5)","background-image":"","background-repeat":"repeat","background-position":"center center","background-size":"auto","background-attachment":"scroll","background-type":"","background-media":"","overlay-type":"","overlay-color":"","overlay-opacity":"","overlay-gradient":""}}},"product_brand":[],"product_cat":[37,47,53,69,70],"product_tag":[],"class_list":{"0":"post-12964","1":"product","2":"type-product","3":"status-publish","4":"has-post-thumbnail","6":"product_cat-analgesicos-antiinflamatorios","7":"product_cat-bovinos-ovinos-y-caprinos","8":"product_cat-equinos","9":"product_cat-perros-y-gatos","10":"product_cat-porcinos","11":"desktop-align-left","12":"tablet-align-left","13":"mobile-align-left","15":"first","16":"instock","17":"shipping-taxable","18":"product-type-simple"},"_links":{"self":[{"href":"https:\/\/www.promovet.com.mx\/index.php\/wp-json\/wp\/v2\/product\/12964","targetHints":{"allow":["GET"]}}],"collection":[{"href":"https:\/\/www.promovet.com.mx\/index.php\/wp-json\/wp\/v2\/product"}],"about":[{"href":"https:\/\/www.promovet.com.mx\/index.php\/wp-json\/wp\/v2\/types\/product"}],"wp:featuredmedia":[{"embeddable":true,"href":"https:\/\/www.promovet.com.mx\/index.php\/wp-json\/wp\/v2\/media\/18483"}],"wp:attachment":[{"href":"https:\/\/www.promovet.com.mx\/index.php\/wp-json\/wp\/v2\/media?parent=12964"}],"wp:term":[{"taxonomy":"product_brand","embeddable":true,"href":"https:\/\/www.promovet.com.mx\/index.php\/wp-json\/wp\/v2\/product_brand?post=12964"},{"taxonomy":"product_cat","embeddable":true,"href":"https:\/\/www.promovet.com.mx\/index.php\/wp-json\/wp\/v2\/product_cat?post=12964"},{"taxonomy":"product_tag","embeddable":true,"href":"https:\/\/www.promovet.com.mx\/index.php\/wp-json\/wp\/v2\/product_tag?post=12964"}],"curies":[{"name":"wp","href":"https:\/\/api.w.org\/{rel}","templated":true}]}}