{"id":18172,"date":"2016-07-26T16:39:18","date_gmt":"2016-07-26T16:39:18","guid":{"rendered":"http:\/\/bench.com.mx\/promovet\/?post_type=product&#038;p=18172"},"modified":"2022-12-06T21:32:40","modified_gmt":"2022-12-06T21:32:40","slug":"flumivet-80","status":"publish","type":"product","link":"https:\/\/www.promovet.com.mx\/index.php\/product\/flumivet-80\/","title":{"rendered":"Flumivet-80"},"content":{"rendered":"<p><strong>F\u00d3RMULA<\/strong>: Hecha la suspensi\u00f3n cada 1 ml contiene<br \/>\nFlumetasona \u2026\u2026\u2026\u2026\u2026\u2026\u2026\u2026\u2026\u2026\u2026\u2026\u2026\u2026.. 0.0625 mg<br \/>\nPencilina G s\u00f3dica \u2026\u2026\u2026\u2026\u2026\u2026\u2026\u2026\u2026\u2026\u2026. 200,000 UI<br \/>\nPenicilina G proca\u00edna \u2026\u2026\u2026\u2026\u2026\u2026\u2026\u2026\u2026\u2026.200,000 UI<br \/>\nEstreptomicina base como sulfato \u2026\u2026\u2026\u2026\u2026\u2026.. 0.150 g<br \/>\nVeh\u00edculo c.b.p \u2026\u2026\u2026\u2026\u2026\u2026\u2026\u2026\u2026\u2026\u2026\u2026\u2026\u2026\u2026.. 1.00 ml<\/p>\n<div class=\"panel-heading\">\n<h4 class=\"panel-title toggle\">INDICACIONES<\/h4>\n<\/div>\n<div id=\"8e74e7178ec1f94c8\" class=\"panel-collapse collapse in\">\n<div class=\"panel-body toggle-content\">Tratamiento de infecciones producidas por\u00a0bacterias susceptibles a la acci\u00f3n sin\u00e9rgica de la penicilina en\u00a0asociaci\u00f3n con la dihidroestreptomicina y en las que se requiera\u00a0adem\u00e1s la acci\u00f3n conjunta de un anti-inflamatorio esteroide. Se\u00a0indica en infecciones cut\u00e1neas, uterinas, del tracto respiratorio<br \/>\nsuperior, neumon\u00edas y heridas infectadas.<\/div>\n<div class=\"panel-body toggle-content\">\n<div class=\"panel-heading\">\n<h4 class=\"panel-title toggle\">ADMINISTRACI\u00d3N Y DOSIS<\/h4>\n<\/div>\n<div id=\"8d796abdf942e9d1e\" class=\"panel-collapse collapse in\">\n<div class=\"panel-body toggle-content\"><strong>ESPECIES EN LAS QUE SE INDICA<\/strong>: Bovino, equino, ovino,\u00a0caprino, porcino, canino y felino.<br \/>\n<strong>V\u00cdA DE ADMINISTRACI\u00d3N<\/strong>: Intramuscular profunda\u00a0exclusivamente.<br \/>\n<strong>DOSIS<\/strong>:\u00a0Bovinos: 1 ml por cada 20 Kg de peso.<br \/>\nEquinos: de 1 a 1.5 ml por cada 20 Kg de peso.<br \/>\nOvinos, caprinos y porcinos: 2 ml por cada 20 Kg de peso.<br \/>\nCaninos y felinos: de 0.5 a 1 ml por cada 10 Kg de peso.<\/div>\n<div class=\"panel-body toggle-content\">\n<div class=\"panel-heading\">\n<h4 class=\"panel-title toggle\">PRECAUCIONES Y ADVERTENCIAS<\/h4>\n<\/div>\n<div id=\"291bbe60d087874cf\" class=\"panel-collapse collapse in\">\n<div class=\"panel-body toggle-content\">TIEMPO DE RETIRO: Carne y producci\u00f3n de quesos: 30 d\u00edas.\u00a0leche: 4 d\u00edas.<br \/>\nPRECAUCIONES: No se administre a animales hipersensibles\u00a0a las penicilinas o cualquier antibi\u00f3tico <em>B<\/em>-lact\u00e1mico. No se\u00a0administre a hembras gestantes principalmente durante el\u00a0\u00faltimo tercio de la gestaci\u00f3n. Este producto no lo deber\u00e1n\u00a0manipular personas hipersensibles a las penicilinas o cualquier\u00a0antibi\u00f3tico <em>B<\/em>-lact\u00e1mico. Una vez reconstituido mant\u00e9ngase en\u00a0refrigeraci\u00f3n entre 3 y 7 \u00b0C. No se congele. No se deje al\u00a0alcance de los ni\u00f1os. Mant\u00e9ngase en lugar fresco y protegido\u00a0de la luz.<br \/>\nADVERTENCIAS: No administrar a equinos destinados al\u00a0consumo humano. Producto para uso exclusivo en medicina\u00a0veterinaria.<br \/>\nPRESENTACIONES: Frasco \u00e1mpula con polvo y diluente para\u00a01, 2, 4 y 8 MUI.<\/div>\n<div class=\"panel-body toggle-content\"><\/div>\n<div class=\"panel-body toggle-content\"><i class=\"fusion-li-icon fa fa-star\"><\/i><span class=\"fusion-li-item-content\"><a title=\"Ficha T\u00e9cnica\" href=\"https:\/\/www.promovet.com.mx\/wp-content\/uploads\/2022\/12\/FICHA-TECNICA-Flumivet.pdf\" target=\"_blank\" rel=\"noopener\">Descargar ficha t\u00e9cnica completa en PDF<\/a><\/span><\/div>\n<\/div>\n<\/div>\n<\/div>\n<\/div>\n<\/div>\n","protected":false},"excerpt":{"rendered":"<p>Flumivet-80 es una combinaci\u00f3n antibi\u00f3tica\u00a0sin\u00e9rgica, adicionada con un anti-inflamatorio no esteroide, en\u00a0polvo para suspensi\u00f3n inyectable.<br \/>\nLa penicilina G es un antibi\u00f3tico <em>B<\/em>-lact\u00e1mico de amplio espectro\u00a0que altera la integridad de la pared bacteriana, lig\u00e1ndose a las\u00a0prote\u00ednas ligadas a penicilinas (PLP\u00b4s), que intervienen en la\u00a0formaci\u00f3n de la pared bacteriana.\u00a0Act\u00faa en contra de gramnegativos y grampositivos y en mucho,\u00a0el espectro de las penicilinas est\u00e1 determinado por las\u00a0caracter\u00edsticas de la pared bacteriana.<br \/>\nLa dihidroestreptomicina es un aminoglic\u00f3sido bactericida que\u00a0inhibe la s\u00edntesis de prote\u00ednas en bacterias gramnegativas\u00a0principalmente, al unirse a la subunidad ribosomal 30S,\u00a0produciendo lecturas gen\u00e9ticas err\u00f3neas. Por si mismo su\u00a0utilidad cl\u00ednica est\u00e1 restringida por su espectro y efectos\u00a0secundarios, al asociarse a <em>B<\/em>-lact\u00e1mico se produce un efecto\u00a0sin\u00e9rgico que le recalifica como de elecci\u00f3n.<br \/>\nLa flumetasona es un anti-inflamatorio esteroide, que es\u00a0metabolizado por el h\u00edgado. Su actividad reduce el dolor y la\u00a0inflamaci\u00f3n, lo que se dice, ayuda a reducir la barrera\u00a0inflamatoria y permite una mejor difusi\u00f3n de los antibi\u00f3ticos al\u00a0foco de la infecci\u00f3n.<\/p>\n<p>Reg. SAGARPA Q-0016-004<\/p>\n","protected":false},"featured_media":18470,"template":"","meta":{"site-sidebar-layout":"default","site-content-layout":"","ast-site-content-layout":"default","site-content-style":"default","site-sidebar-style":"default","ast-global-header-display":"","ast-banner-title-visibility":"","ast-main-header-display":"","ast-hfb-above-header-display":"","ast-hfb-below-header-display":"","ast-hfb-mobile-header-display":"","site-post-title":"","ast-breadcrumbs-content":"","ast-featured-img":"","footer-sml-layout":"","theme-transparent-header-meta":"","adv-header-id-meta":"","stick-header-meta":"","header-above-stick-meta":"","header-main-stick-meta":"","header-below-stick-meta":"","astra-migrate-meta-layouts":"default","ast-page-background-enabled":"default","ast-page-background-meta":{"desktop":{"background-color":"var(--ast-global-color-4)","background-image":"","background-repeat":"repeat","background-position":"center center","background-size":"auto","background-attachment":"scroll","background-type":"","background-media":"","overlay-type":"","overlay-color":"","overlay-opacity":"","overlay-gradient":""},"tablet":{"background-color":"","background-image":"","background-repeat":"repeat","background-position":"center center","background-size":"auto","background-attachment":"scroll","background-type":"","background-media":"","overlay-type":"","overlay-color":"","overlay-opacity":"","overlay-gradient":""},"mobile":{"background-color":"","background-image":"","background-repeat":"repeat","background-position":"center center","background-size":"auto","background-attachment":"scroll","background-type":"","background-media":"","overlay-type":"","overlay-color":"","overlay-opacity":"","overlay-gradient":""}},"ast-content-background-meta":{"desktop":{"background-color":"var(--ast-global-color-5)","background-image":"","background-repeat":"repeat","background-position":"center center","background-size":"auto","background-attachment":"scroll","background-type":"","background-media":"","overlay-type":"","overlay-color":"","overlay-opacity":"","overlay-gradient":""},"tablet":{"background-color":"var(--ast-global-color-5)","background-image":"","background-repeat":"repeat","background-position":"center center","background-size":"auto","background-attachment":"scroll","background-type":"","background-media":"","overlay-type":"","overlay-color":"","overlay-opacity":"","overlay-gradient":""},"mobile":{"background-color":"var(--ast-global-color-5)","background-image":"","background-repeat":"repeat","background-position":"center center","background-size":"auto","background-attachment":"scroll","background-type":"","background-media":"","overlay-type":"","overlay-color":"","overlay-opacity":"","overlay-gradient":""}}},"product_brand":[],"product_cat":[39,47,53,69,70],"product_tag":[],"class_list":{"0":"post-18172","1":"product","2":"type-product","3":"status-publish","4":"has-post-thumbnail","6":"product_cat-antibioticos-antimicrobianos","7":"product_cat-bovinos-ovinos-y-caprinos","8":"product_cat-equinos","9":"product_cat-perros-y-gatos","10":"product_cat-porcinos","11":"desktop-align-left","12":"tablet-align-left","13":"mobile-align-left","15":"first","16":"instock","17":"shipping-taxable","18":"product-type-simple"},"_links":{"self":[{"href":"https:\/\/www.promovet.com.mx\/index.php\/wp-json\/wp\/v2\/product\/18172","targetHints":{"allow":["GET"]}}],"collection":[{"href":"https:\/\/www.promovet.com.mx\/index.php\/wp-json\/wp\/v2\/product"}],"about":[{"href":"https:\/\/www.promovet.com.mx\/index.php\/wp-json\/wp\/v2\/types\/product"}],"wp:featuredmedia":[{"embeddable":true,"href":"https:\/\/www.promovet.com.mx\/index.php\/wp-json\/wp\/v2\/media\/18470"}],"wp:attachment":[{"href":"https:\/\/www.promovet.com.mx\/index.php\/wp-json\/wp\/v2\/media?parent=18172"}],"wp:term":[{"taxonomy":"product_brand","embeddable":true,"href":"https:\/\/www.promovet.com.mx\/index.php\/wp-json\/wp\/v2\/product_brand?post=18172"},{"taxonomy":"product_cat","embeddable":true,"href":"https:\/\/www.promovet.com.mx\/index.php\/wp-json\/wp\/v2\/product_cat?post=18172"},{"taxonomy":"product_tag","embeddable":true,"href":"https:\/\/www.promovet.com.mx\/index.php\/wp-json\/wp\/v2\/product_tag?post=18172"}],"curies":[{"name":"wp","href":"https:\/\/api.w.org\/{rel}","templated":true}]}}