{"id":18180,"date":"2016-07-26T16:55:08","date_gmt":"2016-07-26T16:55:08","guid":{"rendered":"http:\/\/bench.com.mx\/promovet\/?post_type=product&#038;p=18180"},"modified":"2022-12-06T21:45:11","modified_gmt":"2022-12-06T21:45:11","slug":"oxitetra-la","status":"publish","type":"product","link":"https:\/\/www.promovet.com.mx\/index.php\/product\/oxitetra-la\/","title":{"rendered":"Oxitetra LA"},"content":{"rendered":"<p><strong>F\u00d3RMULA<\/strong>: Cada 1 ml contiene:<\/p>\n<p>Oxitetraciclina HCl \u2026\u2026\u2026\u2026\u2026\u2026\u2026\u2026. 200 mg<\/p>\n<p>Veh\u00edculos y conservadores c.b.p \u2026\u2026\u2026\u2026\u2026\u2026\u2026 1.00 ml<\/p>\n<div class=\"panel-heading\">\n<h4 class=\"panel-title toggle\">INDICACIONES<\/h4>\n<\/div>\n<div id=\"8e74e7178ec1f94c8\" class=\"panel-collapse collapse in\">\n<div class=\"panel-body toggle-content\">Tratamiento de infecciones respiratorias,\u00a0digestivas, MMA en cerdos y otras producidas por bacterias\u00a0susceptibles a la acci\u00f3n de las tetraciclinas como Streptococcus\u00a0sp., Clostridium sp., Klebsiella pneumoniae, Brucella sp.,\u00a0Haemophylus sp., Chlamydia sp., Actinobacillus sp., Erlichia\u00a0sp., Haemobartonella sp., Corynebacterium sp., Pasteurella sp.,\u00a0Bacillus anthracis, Erisipelotrix rhusiopatiae, Listeria\u00a0monocytogenes, Leptospira sp., Moraxella bovis.\u00a0Tambi\u00e9n se indica en el tratamiento de micoplasmosis y\u00a0anaplasmosis.<\/div>\n<\/div>\n<div class=\"panel-body toggle-content\">\n<div class=\"panel-heading\">\n<h4 class=\"panel-title toggle\">ADMINISTRACI\u00d3N Y DOSIS<\/h4>\n<\/div>\n<div id=\"8d796abdf942e9d1e\" class=\"panel-collapse collapse in\">\n<div class=\"panel-body toggle-content\"><strong>ESPECIES EN LAS QUE SE INDICA<\/strong>: Bovinos, ovinos,\u00a0caprinos y porcinos.<br \/>\n<strong>V\u00cdA DE ADMINISTRACI\u00d3N<\/strong>: Intramuscular, intravenosa y\u00a0subcut\u00e1nea. Si se utiliza la v\u00eda intramuscular no administre mas\u00a0de 10 ml en cada sitio de aplicaci\u00f3n.<br \/>\n<strong>DOSIS<\/strong>: Bovinos, ovinos, caprinos y porcinos: 20 mg por cada 1 Kg de\u00a0peso (1 ml por cada 10 Kg de peso).\u00a0Lechones: 0.5 ml como dosis m\u00e1xima por v\u00eda subcut\u00e1nea.<\/div>\n<\/div>\n<div class=\"panel-body toggle-content\">\n<div class=\"panel-heading\">\n<h4 class=\"panel-title toggle\">PRECAUCIONES Y ADVERTENCIAS<\/h4>\n<\/div>\n<div id=\"291bbe60d087874cf\" class=\"panel-collapse collapse in\">\n<div class=\"panel-body toggle-content\"><strong>PRECAUCIONES<\/strong>: Mant\u00e9ngase al abrigo de la luz directa del\u00a0sol y en un lugar fresco. Mant\u00e9ngase fuera del alcance de los\u00a0ni\u00f1os. No se administre a animales hipersensibles a las\u00a0tetraciclinas. No se administre conjuntamente con productos\u00a0que contengan sales de calcio.<br \/>\n<strong>ADVERTENCIA<\/strong>: Producto para uso exclusivo en medicina\u00a0veterinaria.<br \/>\n<strong>PRESENTACIONES<\/strong>: Frasco \u00e1mpula de vidrio con 10, 100 y\u00a0250 ml.<\/div>\n<\/div>\n<\/div>\n<div class=\"panel-body toggle-content\"><\/div>\n<\/div>\n<div class=\"panel-body toggle-content\"><a title=\"Ficha T\u00e9cnica\" href=\"https:\/\/www.promovet.com.mx\/wp-content\/uploads\/2022\/12\/FICHA-TECNICA-Oxitetra.pdf\" target=\"_blank\" rel=\"noopener\">Descargar ficha t\u00e9cnica completa en PDF<\/a><\/div>\n","protected":false},"excerpt":{"rendered":"<p>Soluci\u00f3n de oxitetraciclina HCl en un veh\u00edculo\u00a0que le permite prolongar su vida media, manteniendo niveles\u00a0terap\u00e9uticos al menos durante 72 horas. Es un antibi\u00f3tico de\u00a0amplio espectro, bacteriost\u00e1tico que interviene en procesos\u00a0enzim\u00e1ticos y s\u00edntesis de prote\u00ednas bacterianos, al unirse\u00a0espec\u00edficamente a las subunidades ribosomales 50S y 30S,\u00a0actuan principalmente en contra de bacterias grampositivas y\u00a0menos contra gramnegativas, tambi\u00e9n es activa contra algunos\u00a0protozoos par\u00e1sitos.<\/p>\n<p>Reg. SAGARPA Q-7645-002<\/p>\n","protected":false},"featured_media":18181,"template":"","meta":{"site-sidebar-layout":"default","site-content-layout":"","ast-site-content-layout":"default","site-content-style":"default","site-sidebar-style":"default","ast-global-header-display":"","ast-banner-title-visibility":"","ast-main-header-display":"","ast-hfb-above-header-display":"","ast-hfb-below-header-display":"","ast-hfb-mobile-header-display":"","site-post-title":"","ast-breadcrumbs-content":"","ast-featured-img":"","footer-sml-layout":"","theme-transparent-header-meta":"","adv-header-id-meta":"","stick-header-meta":"","header-above-stick-meta":"","header-main-stick-meta":"","header-below-stick-meta":"","astra-migrate-meta-layouts":"default","ast-page-background-enabled":"default","ast-page-background-meta":{"desktop":{"background-color":"var(--ast-global-color-4)","background-image":"","background-repeat":"repeat","background-position":"center center","background-size":"auto","background-attachment":"scroll","background-type":"","background-media":"","overlay-type":"","overlay-color":"","overlay-opacity":"","overlay-gradient":""},"tablet":{"background-color":"","background-image":"","background-repeat":"repeat","background-position":"center center","background-size":"auto","background-attachment":"scroll","background-type":"","background-media":"","overlay-type":"","overlay-color":"","overlay-opacity":"","overlay-gradient":""},"mobile":{"background-color":"","background-image":"","background-repeat":"repeat","background-position":"center center","background-size":"auto","background-attachment":"scroll","background-type":"","background-media":"","overlay-type":"","overlay-color":"","overlay-opacity":"","overlay-gradient":""}},"ast-content-background-meta":{"desktop":{"background-color":"var(--ast-global-color-5)","background-image":"","background-repeat":"repeat","background-position":"center center","background-size":"auto","background-attachment":"scroll","background-type":"","background-media":"","overlay-type":"","overlay-color":"","overlay-opacity":"","overlay-gradient":""},"tablet":{"background-color":"var(--ast-global-color-5)","background-image":"","background-repeat":"repeat","background-position":"center center","background-size":"auto","background-attachment":"scroll","background-type":"","background-media":"","overlay-type":"","overlay-color":"","overlay-opacity":"","overlay-gradient":""},"mobile":{"background-color":"var(--ast-global-color-5)","background-image":"","background-repeat":"repeat","background-position":"center center","background-size":"auto","background-attachment":"scroll","background-type":"","background-media":"","overlay-type":"","overlay-color":"","overlay-opacity":"","overlay-gradient":""}}},"product_brand":[],"product_cat":[39,47,70],"product_tag":[],"class_list":{"0":"post-18180","1":"product","2":"type-product","3":"status-publish","4":"has-post-thumbnail","6":"product_cat-antibioticos-antimicrobianos","7":"product_cat-bovinos-ovinos-y-caprinos","8":"product_cat-porcinos","9":"desktop-align-left","10":"tablet-align-left","11":"mobile-align-left","13":"first","14":"instock","15":"shipping-taxable","16":"product-type-simple"},"_links":{"self":[{"href":"https:\/\/www.promovet.com.mx\/index.php\/wp-json\/wp\/v2\/product\/18180","targetHints":{"allow":["GET"]}}],"collection":[{"href":"https:\/\/www.promovet.com.mx\/index.php\/wp-json\/wp\/v2\/product"}],"about":[{"href":"https:\/\/www.promovet.com.mx\/index.php\/wp-json\/wp\/v2\/types\/product"}],"wp:featuredmedia":[{"embeddable":true,"href":"https:\/\/www.promovet.com.mx\/index.php\/wp-json\/wp\/v2\/media\/18181"}],"wp:attachment":[{"href":"https:\/\/www.promovet.com.mx\/index.php\/wp-json\/wp\/v2\/media?parent=18180"}],"wp:term":[{"taxonomy":"product_brand","embeddable":true,"href":"https:\/\/www.promovet.com.mx\/index.php\/wp-json\/wp\/v2\/product_brand?post=18180"},{"taxonomy":"product_cat","embeddable":true,"href":"https:\/\/www.promovet.com.mx\/index.php\/wp-json\/wp\/v2\/product_cat?post=18180"},{"taxonomy":"product_tag","embeddable":true,"href":"https:\/\/www.promovet.com.mx\/index.php\/wp-json\/wp\/v2\/product_tag?post=18180"}],"curies":[{"name":"wp","href":"https:\/\/api.w.org\/{rel}","templated":true}]}}