{"id":18182,"date":"2016-07-26T10:58:21","date_gmt":"2016-07-26T16:58:21","guid":{"rendered":"http:\/\/bench.com.mx\/promovet\/?post_type=product&#038;p=18182"},"modified":"2022-12-06T21:46:01","modified_gmt":"2022-12-06T21:46:01","slug":"penicilina-oleosa","status":"publish","type":"product","link":"https:\/\/www.promovet.com.mx\/index.php\/product\/penicilina-oleosa\/","title":{"rendered":"Penicilina Oleosa"},"content":{"rendered":"<p><strong>F\u00d3RMULA<\/strong>: Cada 1 ml contiene<br \/>\nPenicilina G proca\u00edna \u2026\u2026\u2026\u2026\u2026\u2026\u2026. 300,000 UI<br \/>\nVeh\u00edculo oleoso c.b.p \u2026\u2026\u2026\u2026\u2026\u2026\u2026\u2026.. 1.00 ml<\/p>\n<div class=\"panel-heading\">\n<h4 class=\"panel-title toggle\">INDICACIONES<\/h4>\n<\/div>\n<div id=\"8e74e7178ec1f94c8\" class=\"panel-collapse collapse in\">\n<div class=\"panel-body toggle-content\">Tratamiento de infecciones producidas por bacterias susceptibles a la acci\u00f3n de la penicilina. Es de primera elecci\u00f3n en el tratamiento de neumon\u00edas e infecciones de v\u00edas respiratorias altas, queratoconjuntivitis infecciosa bovina, en la profilaxis pre y postoperatoria, mastitis, cut\u00e1neas y otras producidas por Streptococcus sp. no productores de penicilinasa y Staphylococcus sp., \u00fatil en contra de grampositivos y gramnegativos como Corynebacterium sp., Listeria<br \/>\nmonocytogenes, Haemophylus influenzae y Pasteurella multocida, adem\u00e1s de otros como Fusobacterium sp., Leptospira sp., Bacteroides sp., Borrelia sp., y anaerobios como Clostridium sp.<\/div>\n<div class=\"panel-body toggle-content\">\n<div class=\"panel-heading\">\n<h4 class=\"panel-title toggle\">ADMINISTRACI\u00d3N Y DOSIS<\/h4>\n<\/div>\n<div id=\"8d796abdf942e9d1e\" class=\"panel-collapse collapse in\">\n<div class=\"panel-body toggle-content\"><strong>ESPECIES EN LAS QUE SE INDICA<\/strong>: Bovino\u00a0(productores de carne y leche), porcinos, caprinos, ovinos\u00a0y caninos.<br \/>\n<strong>V\u00cdA DE ADMINISTRACI\u00d3N<\/strong>: Intramuscular profunda exclusivamente.<br \/>\n<strong>DOSIS<\/strong>: Bovinos (productores de carne), equinos, porcinos, ovinos y caprinos: de 1 a 2 ml por cada 25 Kg de peso.<br \/>\nCaninos y felinos: 0.1 ml por cada 2.5 Kg de peso. La dosis puede repetirse cada 24 \u00f3 48 horas.<br \/>\nMantenga el tratamiento al menos durante 5 d\u00edas consecutivos<\/div>\n<div class=\"panel-body toggle-content\">\n<div class=\"panel-heading\">\n<h4 class=\"panel-title toggle\">PRECAUCIONES Y ADVERTENCIAS<\/h4>\n<\/div>\n<div id=\"291bbe60d087874cf\" class=\"panel-collapse collapse in\">\n<div class=\"panel-body toggle-content\"><strong>TIEMPO DE RETIRO<\/strong>: Carne: 15 d\u00edas.<br \/>\n<strong>PRECAUCIONES<\/strong>: Agite el frasco antes de utilizarse. No\u00a0se administre a animales con insuficiencia renal o\u00a0hipersensibles a las penicilinas o cualquier antibi\u00f3tico\u00a0<strong>B<\/strong>-lact\u00e1mico. Este producto no lo deber\u00e1n manipular\u00a0personas hipersensibles a las penicilinas o cualquier\u00a0antibi\u00f3tico <strong>B<\/strong>-lact\u00e1mico. No se deje al alcance de los\u00a0ni\u00f1os. No requiere refrigeraci\u00f3n, se recomienda\u00a0mantenerlo en un lugar fresco y protegido de la luz.<br \/>\nADVERTENCIAS: No administre este producto a equinos\u00a0destinados al consumo humano. Producto para uso\u00a0exclusivo en medicina veterinaria.<br \/>\n<strong>PRESENTACIONES<\/strong>: Frasco \u00e1mpula con 20, 100 y 250\u00a0ml.<\/div>\n<div class=\"panel-body toggle-content\"><\/div>\n<\/div>\n<div class=\"panel-body toggle-content\"><a title=\"Ficha T\u00e9cnica\" href=\"https:\/\/www.promovet.com.mx\/wp-content\/uploads\/2022\/12\/FICHA-TECNICA-Penicilina-Oleosa.pdf\" target=\"_blank\" rel=\"noopener\">Descargar ficha t\u00e9cnica completa en PDF<\/a><\/div>\n<\/div>\n<\/div>\n<\/div>\n<\/div>\n","protected":false},"excerpt":{"rendered":"<p>Penicilina Oleosa es un antibi\u00f3tico en\u00a0suspensi\u00f3n oleosa inyectable, lo que le permite hacer\u00a0mas lenta su absorci\u00f3n desde el sitio de aplicaci\u00f3n,\u00a0pudiendo mantener niveles terap\u00e9uticos por mas tiempo\u00a0que con las formulaciones suspendidas en agua.<br \/>\nLa penicilina G es un antibi\u00f3tico <em>B<\/em>-lact\u00e1mico de amplio\u00a0espectro que altera la integridad de la pared bacteriana,\u00a0lig\u00e1ndose a las prote\u00ednas ligadas a penicilinas (PLP\u00b4s),\u00a0que intervienen en la formaci\u00f3n de la pared bacteriana.\u00a0Act\u00faa en contra de gramnegativos y grampositivos y en\u00a0mucho, el espectro de las penicilinas est\u00e1 determinado\u00a0por las caracter\u00edsticas de la pared bacteriana.<\/p>\n<p>Reg. SAGARPA Q-0016-020<\/p>\n","protected":false},"featured_media":18492,"template":"","meta":{"site-sidebar-layout":"default","site-content-layout":"","ast-site-content-layout":"default","site-content-style":"default","site-sidebar-style":"default","ast-global-header-display":"","ast-banner-title-visibility":"","ast-main-header-display":"","ast-hfb-above-header-display":"","ast-hfb-below-header-display":"","ast-hfb-mobile-header-display":"","site-post-title":"","ast-breadcrumbs-content":"","ast-featured-img":"","footer-sml-layout":"","theme-transparent-header-meta":"","adv-header-id-meta":"","stick-header-meta":"","header-above-stick-meta":"","header-main-stick-meta":"","header-below-stick-meta":"","astra-migrate-meta-layouts":"default","ast-page-background-enabled":"default","ast-page-background-meta":{"desktop":{"background-color":"var(--ast-global-color-4)","background-image":"","background-repeat":"repeat","background-position":"center center","background-size":"auto","background-attachment":"scroll","background-type":"","background-media":"","overlay-type":"","overlay-color":"","overlay-opacity":"","overlay-gradient":""},"tablet":{"background-color":"","background-image":"","background-repeat":"repeat","background-position":"center center","background-size":"auto","background-attachment":"scroll","background-type":"","background-media":"","overlay-type":"","overlay-color":"","overlay-opacity":"","overlay-gradient":""},"mobile":{"background-color":"","background-image":"","background-repeat":"repeat","background-position":"center center","background-size":"auto","background-attachment":"scroll","background-type":"","background-media":"","overlay-type":"","overlay-color":"","overlay-opacity":"","overlay-gradient":""}},"ast-content-background-meta":{"desktop":{"background-color":"var(--ast-global-color-5)","background-image":"","background-repeat":"repeat","background-position":"center center","background-size":"auto","background-attachment":"scroll","background-type":"","background-media":"","overlay-type":"","overlay-color":"","overlay-opacity":"","overlay-gradient":""},"tablet":{"background-color":"var(--ast-global-color-5)","background-image":"","background-repeat":"repeat","background-position":"center center","background-size":"auto","background-attachment":"scroll","background-type":"","background-media":"","overlay-type":"","overlay-color":"","overlay-opacity":"","overlay-gradient":""},"mobile":{"background-color":"var(--ast-global-color-5)","background-image":"","background-repeat":"repeat","background-position":"center center","background-size":"auto","background-attachment":"scroll","background-type":"","background-media":"","overlay-type":"","overlay-color":"","overlay-opacity":"","overlay-gradient":""}}},"product_brand":[],"product_cat":[39,47,53,69,70],"product_tag":[],"class_list":{"0":"post-18182","1":"product","2":"type-product","3":"status-publish","4":"has-post-thumbnail","6":"product_cat-antibioticos-antimicrobianos","7":"product_cat-bovinos-ovinos-y-caprinos","8":"product_cat-equinos","9":"product_cat-perros-y-gatos","10":"product_cat-porcinos","11":"desktop-align-left","12":"tablet-align-left","13":"mobile-align-left","15":"first","16":"instock","17":"shipping-taxable","18":"product-type-simple"},"_links":{"self":[{"href":"https:\/\/www.promovet.com.mx\/index.php\/wp-json\/wp\/v2\/product\/18182","targetHints":{"allow":["GET"]}}],"collection":[{"href":"https:\/\/www.promovet.com.mx\/index.php\/wp-json\/wp\/v2\/product"}],"about":[{"href":"https:\/\/www.promovet.com.mx\/index.php\/wp-json\/wp\/v2\/types\/product"}],"wp:featuredmedia":[{"embeddable":true,"href":"https:\/\/www.promovet.com.mx\/index.php\/wp-json\/wp\/v2\/media\/18492"}],"wp:attachment":[{"href":"https:\/\/www.promovet.com.mx\/index.php\/wp-json\/wp\/v2\/media?parent=18182"}],"wp:term":[{"taxonomy":"product_brand","embeddable":true,"href":"https:\/\/www.promovet.com.mx\/index.php\/wp-json\/wp\/v2\/product_brand?post=18182"},{"taxonomy":"product_cat","embeddable":true,"href":"https:\/\/www.promovet.com.mx\/index.php\/wp-json\/wp\/v2\/product_cat?post=18182"},{"taxonomy":"product_tag","embeddable":true,"href":"https:\/\/www.promovet.com.mx\/index.php\/wp-json\/wp\/v2\/product_tag?post=18182"}],"curies":[{"name":"wp","href":"https:\/\/api.w.org\/{rel}","templated":true}]}}