{"id":18184,"date":"2016-07-26T17:00:57","date_gmt":"2016-07-26T17:00:57","guid":{"rendered":"http:\/\/bench.com.mx\/promovet\/?post_type=product&#038;p=18184"},"modified":"2022-12-06T21:47:15","modified_gmt":"2022-12-06T21:47:15","slug":"suprim","status":"publish","type":"product","link":"https:\/\/www.promovet.com.mx\/index.php\/product\/suprim\/","title":{"rendered":"Suprim"},"content":{"rendered":"<p><strong>F\u00d3RMULA<\/strong>: Cada 1 ml contiene:<br \/>\nSulfadoxina \u2026\u2026\u2026\u2026\u2026\u2026\u2026\u2026.. 200 mg<br \/>\nTrimetoprim \u2026\u2026\u2026\u2026\u2026\u2026\u2026\u2026\u2026 40 mg<br \/>\nVeh\u00edculo c.b.p \u2026\u2026\u2026\u2026\u2026\u2026\u2026. 1.00 ml<\/p>\n<div class=\"panel-heading\">\n<h4 class=\"panel-title toggle\">INDICACIONES<\/h4>\n<\/div>\n<div id=\"8e74e7178ec1f94c8\" class=\"panel-collapse collapse in\">\n<div class=\"panel-body toggle-content\">Para el tratamiento de infecciones producidas\u00a0por bacterias susceptibles a la acci\u00f3n de los principios\u00a0contenidos en la f\u00f3rmula como infecciones respiratorias,\u00a0digestivas, septicemia, pododermatitis (gabarro), as\u00ed como\u00a0coccidiosis, colibacilosis y salmonelosis en aves.<\/div>\n<div class=\"panel-body toggle-content\">\n<div class=\"panel-heading\">\n<h4 class=\"panel-title toggle\">ADMINISTRACI\u00d3N Y DOSIS<\/h4>\n<\/div>\n<div id=\"8d796abdf942e9d1e\" class=\"panel-collapse collapse in\">\n<div class=\"panel-body toggle-content\"><strong>ESPECIES EN LAS QUE SE INDICA<\/strong>: Bovinos productores de\u00a0carne y leche, equinos, porcinos, ovinos y caprinos.<br \/>\n<strong>DOSIS:<\/strong><br \/>\nBovinos y equinos: 20 a 30 ml.<br \/>\nBecerros y potros: 5 a 15 ml<br \/>\nPorcinos: 5 a 10 ml.<br \/>\nOvinos y caprinos: 3 a 5 ml<br \/>\nLechones: 0.5 a 1 ml<\/div>\n<div class=\"panel-body toggle-content\">\n<div class=\"panel-heading\">\n<h4 class=\"panel-title toggle\">PRECAUCIONES Y ADVERTENCIAS<\/h4>\n<\/div>\n<div id=\"291bbe60d087874cf\" class=\"panel-collapse collapse in\">\n<div class=\"panel-body toggle-content\"><strong>TIEMPO DE RETIRO:<\/strong>\u00a015 d\u00edas para carne. 4 d\u00edas para leche.<br \/>\n<strong>PRECAUCIONES:<\/strong>\u00a0No se administre este producto a animales\u00a0hipersensibles a las sulfas o con compromiso renal. Mantenga\u00a0fuera del alcance de los ni\u00f1os y animales dom\u00e9sticos.\u00a0Mantenga este producto en un lugar freso, seco y alejado de la\u00a0luz solar.<br \/>\n<strong>ADVERTENCIAS<\/strong>:\u00a0No administrar en equinos destinados para\u00a0consumo humano. Producto para uso exclusivo en medicina\u00a0veterinaria.<br \/>\n<strong>PRESENTACIONES<\/strong>:\u00a0Frasco \u00e1mpula de vidrio con 25, 100 y\u00a0250 ml.<\/div>\n<\/div>\n<\/div>\n<\/div>\n<\/div>\n<\/div>\n<div class=\"panel-body toggle-content\"><\/div>\n<div class=\"panel-body toggle-content\"><a title=\"Ficha T\u00e9cnica\" href=\"https:\/\/www.promovet.com.mx\/wp-content\/uploads\/2022\/12\/FICHA-TECNICA-Suprim.pdf\" target=\"_blank\" rel=\"noopener\">Descargar ficha t\u00e9cnica completa en PDF<\/a><\/div>\n","protected":false},"excerpt":{"rendered":"<p>Suprim es una combinaci\u00f3n antimicrobiana de\u00a0amplio espectro. La asociaci\u00f3n de sus dos principios activos\u00a0responde al principio de sinergia antibacteriana.\u00a0Las sulfas, act\u00faan como bacteriost\u00e1ticos de amplio espectro en\u00a0contra de bacterias grampositivas, gramnegativas y de algunas\u00a0coccidias; no tienen ninguna actividad en contra de bacterias\u00a0anaerobias.<br \/>\nEl mecanismo de acci\u00f3n antibacteriano de la asociaci\u00f3n es\u00a0secuencial, inhibiendo la s\u00edntesis del \u00e1cido tetrahidrof\u00f3lico\u00a0bacteriano, alterando la s\u00edntesis de prote\u00ednas y los mecanismos\u00a0de replicaci\u00f3n bacteriana.<\/p>\n<p>Reg. SAGARPA Q-7645-001<\/p>\n","protected":false},"featured_media":18475,"template":"","meta":{"site-sidebar-layout":"default","site-content-layout":"","ast-site-content-layout":"default","site-content-style":"default","site-sidebar-style":"default","ast-global-header-display":"","ast-banner-title-visibility":"","ast-main-header-display":"","ast-hfb-above-header-display":"","ast-hfb-below-header-display":"","ast-hfb-mobile-header-display":"","site-post-title":"","ast-breadcrumbs-content":"","ast-featured-img":"","footer-sml-layout":"","theme-transparent-header-meta":"","adv-header-id-meta":"","stick-header-meta":"","header-above-stick-meta":"","header-main-stick-meta":"","header-below-stick-meta":"","astra-migrate-meta-layouts":"default","ast-page-background-enabled":"default","ast-page-background-meta":{"desktop":{"background-color":"var(--ast-global-color-4)","background-image":"","background-repeat":"repeat","background-position":"center center","background-size":"auto","background-attachment":"scroll","background-type":"","background-media":"","overlay-type":"","overlay-color":"","overlay-opacity":"","overlay-gradient":""},"tablet":{"background-color":"","background-image":"","background-repeat":"repeat","background-position":"center center","background-size":"auto","background-attachment":"scroll","background-type":"","background-media":"","overlay-type":"","overlay-color":"","overlay-opacity":"","overlay-gradient":""},"mobile":{"background-color":"","background-image":"","background-repeat":"repeat","background-position":"center center","background-size":"auto","background-attachment":"scroll","background-type":"","background-media":"","overlay-type":"","overlay-color":"","overlay-opacity":"","overlay-gradient":""}},"ast-content-background-meta":{"desktop":{"background-color":"var(--ast-global-color-5)","background-image":"","background-repeat":"repeat","background-position":"center center","background-size":"auto","background-attachment":"scroll","background-type":"","background-media":"","overlay-type":"","overlay-color":"","overlay-opacity":"","overlay-gradient":""},"tablet":{"background-color":"var(--ast-global-color-5)","background-image":"","background-repeat":"repeat","background-position":"center center","background-size":"auto","background-attachment":"scroll","background-type":"","background-media":"","overlay-type":"","overlay-color":"","overlay-opacity":"","overlay-gradient":""},"mobile":{"background-color":"var(--ast-global-color-5)","background-image":"","background-repeat":"repeat","background-position":"center center","background-size":"auto","background-attachment":"scroll","background-type":"","background-media":"","overlay-type":"","overlay-color":"","overlay-opacity":"","overlay-gradient":""}}},"product_brand":[],"product_cat":[39,47,53,70],"product_tag":[],"class_list":{"0":"post-18184","1":"product","2":"type-product","3":"status-publish","4":"has-post-thumbnail","6":"product_cat-antibioticos-antimicrobianos","7":"product_cat-bovinos-ovinos-y-caprinos","8":"product_cat-equinos","9":"product_cat-porcinos","10":"desktop-align-left","11":"tablet-align-left","12":"mobile-align-left","14":"first","15":"instock","16":"shipping-taxable","17":"product-type-simple"},"_links":{"self":[{"href":"https:\/\/www.promovet.com.mx\/index.php\/wp-json\/wp\/v2\/product\/18184","targetHints":{"allow":["GET"]}}],"collection":[{"href":"https:\/\/www.promovet.com.mx\/index.php\/wp-json\/wp\/v2\/product"}],"about":[{"href":"https:\/\/www.promovet.com.mx\/index.php\/wp-json\/wp\/v2\/types\/product"}],"wp:featuredmedia":[{"embeddable":true,"href":"https:\/\/www.promovet.com.mx\/index.php\/wp-json\/wp\/v2\/media\/18475"}],"wp:attachment":[{"href":"https:\/\/www.promovet.com.mx\/index.php\/wp-json\/wp\/v2\/media?parent=18184"}],"wp:term":[{"taxonomy":"product_brand","embeddable":true,"href":"https:\/\/www.promovet.com.mx\/index.php\/wp-json\/wp\/v2\/product_brand?post=18184"},{"taxonomy":"product_cat","embeddable":true,"href":"https:\/\/www.promovet.com.mx\/index.php\/wp-json\/wp\/v2\/product_cat?post=18184"},{"taxonomy":"product_tag","embeddable":true,"href":"https:\/\/www.promovet.com.mx\/index.php\/wp-json\/wp\/v2\/product_tag?post=18184"}],"curies":[{"name":"wp","href":"https:\/\/api.w.org\/{rel}","templated":true}]}}