{"id":18211,"date":"2016-07-26T13:05:59","date_gmt":"2016-07-26T19:05:59","guid":{"rendered":"http:\/\/bench.com.mx\/promovet\/?post_type=product&#038;p=18211"},"modified":"2022-12-06T21:45:38","modified_gmt":"2022-12-06T21:45:38","slug":"parylac","status":"publish","type":"product","link":"https:\/\/www.promovet.com.mx\/index.php\/product\/parylac\/","title":{"rendered":"Parylac"},"content":{"rendered":"<p><strong>F\u00d3RMULA<\/strong>: Cada 1 ml contiene:<br \/>\nOxitocina USP \u2026\u2026\u2026\u2026\u2026\u2026\u2026\u2026\u2026\u2026.. 20 UI<br \/>\nCloruro de sodio \u2026\u2026\u2026\u2026\u2026\u2026\u2026\u2026\u2026\u2026\u2026 9%<br \/>\nVeh\u00edculo c.b.p. \u2026\u2026\u2026\u2026\u2026\u2026\u2026\u2026\u2026\u2026\u2026 1 ml<\/p>\n<div class=\"panel-heading\">\n<h4 class=\"panel-title toggle\">INDICACIONES<\/h4>\n<\/div>\n<div id=\"8e74e7178ec1f94c8\" class=\"panel-collapse collapse in\">\n<div class=\"panel-body toggle-content\">Oxit\u00f3cico indicado en el manejo del parto no\u00a0obstructivo, estimula las contracciones uterinas facilitando la\u00a0expulsi\u00f3n del producto y desechos, previene la presentaci\u00f3n de\u00a0hemorragias post-parto y estimula la involuci\u00f3n del \u00fatero.\u00a0Indicado como coadyuvante en el tratamiento de agalactia e\u00a0hipogalactia funcional y en mastitis, conjuntamente con el\u00a0tratamiento antimicrobiano respectivo.<\/div>\n<div class=\"panel-body toggle-content\">\n<div class=\"panel-heading\">\n<h4 class=\"panel-title toggle\">ADMINISTRACI\u00d3N Y DOSIS<\/h4>\n<\/div>\n<div id=\"8d796abdf942e9d1e\" class=\"panel-collapse collapse in\">\n<div class=\"panel-body toggle-content\"><strong>ESPECIES<\/strong>: Bovinos, equinos, porcinos, ovinos, caprinos,\u00a0caninos y felinos.<br \/>\n<strong>V\u00cdA DE ADMINISTRACI\u00d3N<\/strong>: Intramuscular, intravenosa y\u00a0subcut\u00e1nea.<br \/>\n<strong>DOSIS<\/strong>:<br \/>\nVacas y Yeguas: 5 ml<br \/>\nCerdas: de 2 a 3 ml<br \/>\nOvejas, cabras, perras y gatas: de 0.5 a 1 ml.<\/div>\n<div class=\"panel-body toggle-content\">\n<div class=\"panel-heading\">\n<h4 class=\"panel-title toggle\">PRECAUCIONES Y ADVERTENCIAS<\/h4>\n<\/div>\n<div id=\"291bbe60d087874cf\" class=\"panel-collapse collapse in\">\n<div class=\"panel-body toggle-content\"><strong>TIEMPO DE RETIRO<\/strong>: Carne: 30 d\u00edas. Leche: 72 horas.<br \/>\n<strong>PRECAUCIONES<\/strong>:\u00a0En caso de distocia debida a una posici\u00f3n anormal del feto,\u00a0\u00e9sta deber\u00e1 ser corregida antes de administrar el producto.\u00a0Verifique si el cuello uterino se encuentra dilatado, de no ser as\u00ed\u00a0deber\u00e1 provocarse la dilataci\u00f3n completa con la administraci\u00f3n\u00a0de estr\u00f3genos antes de administrar el oxit\u00f3cico.<br \/>\n<strong>ADVERTENCIAS<\/strong>: No administre este producto a equinos destinados para consumo humano. Producto para uso exclusivo en medicina veterinaria.<br \/>\n<strong>PRESENTACIONES<\/strong>: Frasco con 10, 100, 250 y 500 ml.<\/div>\n<\/div>\n<\/div>\n<\/div>\n<\/div>\n<\/div>\n<div class=\"panel-body toggle-content\"><\/div>\n<div class=\"panel-body toggle-content\"><i class=\"fusion-li-icon fa fa-star\"><\/i><span class=\"fusion-li-item-content\"><a title=\"Ficha T\u00e9cnica\" href=\"https:\/\/www.promovet.com.mx\/wp-content\/uploads\/2022\/12\/FICHA-TECNICA-Parylac.pdf\" target=\"_blank\" rel=\"noopener\">Descargar ficha t\u00e9cnica completa en PDF<\/a><\/span><\/div>\n","protected":false},"excerpt":{"rendered":"<p>Soluci\u00f3n oxit\u00f3cica inyectable.<\/p>\n<p>Reg. SAGARPA Q-7645-003<\/p>\n","protected":false},"featured_media":18495,"template":"","meta":{"site-sidebar-layout":"default","site-content-layout":"","ast-site-content-layout":"default","site-content-style":"default","site-sidebar-style":"default","ast-global-header-display":"","ast-banner-title-visibility":"","ast-main-header-display":"","ast-hfb-above-header-display":"","ast-hfb-below-header-display":"","ast-hfb-mobile-header-display":"","site-post-title":"","ast-breadcrumbs-content":"","ast-featured-img":"","footer-sml-layout":"","theme-transparent-header-meta":"","adv-header-id-meta":"","stick-header-meta":"","header-above-stick-meta":"","header-main-stick-meta":"","header-below-stick-meta":"","astra-migrate-meta-layouts":"default","ast-page-background-enabled":"default","ast-page-background-meta":{"desktop":{"background-color":"var(--ast-global-color-4)","background-image":"","background-repeat":"repeat","background-position":"center center","background-size":"auto","background-attachment":"scroll","background-type":"","background-media":"","overlay-type":"","overlay-color":"","overlay-opacity":"","overlay-gradient":""},"tablet":{"background-color":"","background-image":"","background-repeat":"repeat","background-position":"center center","background-size":"auto","background-attachment":"scroll","background-type":"","background-media":"","overlay-type":"","overlay-color":"","overlay-opacity":"","overlay-gradient":""},"mobile":{"background-color":"","background-image":"","background-repeat":"repeat","background-position":"center center","background-size":"auto","background-attachment":"scroll","background-type":"","background-media":"","overlay-type":"","overlay-color":"","overlay-opacity":"","overlay-gradient":""}},"ast-content-background-meta":{"desktop":{"background-color":"var(--ast-global-color-5)","background-image":"","background-repeat":"repeat","background-position":"center center","background-size":"auto","background-attachment":"scroll","background-type":"","background-media":"","overlay-type":"","overlay-color":"","overlay-opacity":"","overlay-gradient":""},"tablet":{"background-color":"var(--ast-global-color-5)","background-image":"","background-repeat":"repeat","background-position":"center center","background-size":"auto","background-attachment":"scroll","background-type":"","background-media":"","overlay-type":"","overlay-color":"","overlay-opacity":"","overlay-gradient":""},"mobile":{"background-color":"var(--ast-global-color-5)","background-image":"","background-repeat":"repeat","background-position":"center center","background-size":"auto","background-attachment":"scroll","background-type":"","background-media":"","overlay-type":"","overlay-color":"","overlay-opacity":"","overlay-gradient":""}}},"product_brand":[],"product_cat":[47,53,69,70,71],"product_tag":[],"class_list":{"0":"post-18211","1":"product","2":"type-product","3":"status-publish","4":"has-post-thumbnail","6":"product_cat-bovinos-ovinos-y-caprinos","7":"product_cat-equinos","8":"product_cat-perros-y-gatos","9":"product_cat-porcinos","10":"product_cat-productos-reproduccion","11":"desktop-align-left","12":"tablet-align-left","13":"mobile-align-left","15":"first","16":"instock","17":"shipping-taxable","18":"product-type-simple"},"_links":{"self":[{"href":"https:\/\/www.promovet.com.mx\/index.php\/wp-json\/wp\/v2\/product\/18211","targetHints":{"allow":["GET"]}}],"collection":[{"href":"https:\/\/www.promovet.com.mx\/index.php\/wp-json\/wp\/v2\/product"}],"about":[{"href":"https:\/\/www.promovet.com.mx\/index.php\/wp-json\/wp\/v2\/types\/product"}],"wp:featuredmedia":[{"embeddable":true,"href":"https:\/\/www.promovet.com.mx\/index.php\/wp-json\/wp\/v2\/media\/18495"}],"wp:attachment":[{"href":"https:\/\/www.promovet.com.mx\/index.php\/wp-json\/wp\/v2\/media?parent=18211"}],"wp:term":[{"taxonomy":"product_brand","embeddable":true,"href":"https:\/\/www.promovet.com.mx\/index.php\/wp-json\/wp\/v2\/product_brand?post=18211"},{"taxonomy":"product_cat","embeddable":true,"href":"https:\/\/www.promovet.com.mx\/index.php\/wp-json\/wp\/v2\/product_cat?post=18211"},{"taxonomy":"product_tag","embeddable":true,"href":"https:\/\/www.promovet.com.mx\/index.php\/wp-json\/wp\/v2\/product_tag?post=18211"}],"curies":[{"name":"wp","href":"https:\/\/api.w.org\/{rel}","templated":true}]}}