{"id":18215,"date":"2016-07-26T19:13:38","date_gmt":"2016-07-26T19:13:38","guid":{"rendered":"http:\/\/bench.com.mx\/promovet\/?post_type=product&#038;p=18215"},"modified":"2022-12-06T21:27:02","modified_gmt":"2022-12-06T21:27:02","slug":"apalmin-ade","status":"publish","type":"product","link":"https:\/\/www.promovet.com.mx\/index.php\/product\/apalmin-ade\/","title":{"rendered":"Apalm\u00edn ADE"},"content":{"rendered":"<p><strong>F\u00d3RMUL<\/strong>A: Cada 1 ml contiene:<br \/>\nVitamina A \u2026\u2026\u2026\u2026\u2026\u2026\u2026\u2026\u2026. 500,000 UI<br \/>\nVitamina D3 \u2026\u2026\u2026\u2026\u2026\u2026\u2026\u2026\u2026 75,000 UI<br \/>\nVitamina E \u2026\u2026\u2026\u2026\u2026\u2026\u2026\u2026\u2026\u2026\u2026\u2026 50 UI<br \/>\nVeh\u00edculo c.b.p \u2026\u2026\u2026\u2026\u2026\u2026\u2026\u2026\u2026. 1.00 ml<\/p>\n<div class=\"panel-heading\">\n<h4 class=\"panel-title toggle\">INDICACIONES<\/h4>\n<\/div>\n<div id=\"8e74e7178ec1f94c8\" class=\"panel-collapse collapse in\">\n<div class=\"panel-body toggle-content\">Tratamiento y prevenci\u00f3n de carencias o\u00a0deficiencias de vitaminas A, D y E, en las que se requiera de un\u00a0aporte inmediato de altas concentraciones y que se manifiestan\u00a0con un bajo desarrollo corporal, deficiencias en la regeneraci\u00f3n\u00a0y reparaci\u00f3n de tejidos, ceguera nocturna, muerte neonatal,\u00a0partos prematuros, debilidad al nacimiento y malformaciones de\u00a0las cr\u00edas, osteolmalasia, raquitismo, hipofunci\u00f3n ov\u00e1rica,\u00a0degeneraci\u00f3n testicular y otras alteraciones metab\u00f3licas.\u00a0Se indica administrarlo en animales enfermos o convalecientes;\u00a0para reducir los efectos de estados de estr\u00e9s, administr\u00e1ndolo\u00a0antes del transporte, cambios de alojamiento, alimentaci\u00f3n o\u00a0manejo. Como coadyuvante en la preparaci\u00f3n de machos y\u00a0hembras durante la temporada de reproducci\u00f3n. Auxiliar en el\u00a0mantenimiento de los animales sujetos a una alimentaci\u00f3n\u00a0deficiente, habitual durante las temporadas de sequ\u00eda.<\/div>\n<div class=\"panel-body toggle-content\">\n<div class=\"panel-heading\">\n<h4 class=\"panel-title toggle\">ADMINISTRACI\u00d3N Y DOSIS<\/h4>\n<\/div>\n<div id=\"8d796abdf942e9d1e\" class=\"panel-collapse collapse in\">\n<div class=\"panel-body toggle-content\"><strong>ESPECIES EN LAS QUE SE INDICA<\/strong>: Bovinos, equinos,\u00a0ovinos, caprinos y porcinos.<br \/>\n<strong>V\u00cdA DE ADMINISTRACI\u00d3N<\/strong>: Intramuscular profunda\u00a0exclusivamente.<br \/>\n<strong>DOSIS<\/strong>:<br \/>\nBovinos adultos: de 3 a 5 ml<br \/>\nBovino en desarrollo: de 2 a 4 ml<br \/>\nBecerros: de 1 a 2 ml<br \/>\nCaballos: de 3 a 5 ml<br \/>\nPotros: de 1 a 2 ml<br \/>\nOvinos y caprinos adultos: de 1 a 2 ml<br \/>\nCerdas y sementales: de 1 a 3 ml<br \/>\nCerdos en engorda: de 1 a 3 ml<br \/>\nLechones: 0.5 ml<\/div>\n<div class=\"panel-body toggle-content\">\n<div class=\"panel-heading\">\n<h4 class=\"panel-title toggle\">PRECAUCIONES Y ADVERTENCIAS<\/h4>\n<\/div>\n<div id=\"291bbe60d087874cf\" class=\"panel-collapse collapse in\">\n<div class=\"panel-body toggle-content\"><strong>PRECAUCIONES<\/strong>: Mantenga este producto en un lugar fresco.\u00a0No se exponga a la luz del sol.<br \/>\n<strong>PRESENTACIONES<\/strong>: Frasco \u00e1mpula de vidrio con 25, 100 y\u00a0500 ml.<\/div>\n<\/div>\n<\/div>\n<\/div>\n<\/div>\n<\/div>\n<div class=\"panel-body toggle-content\"><\/div>\n<div class=\"panel-body toggle-content\"><a title=\"Ficha T\u00e9cnica\" href=\"https:\/\/www.promovet.com.mx\/wp-content\/uploads\/2022\/12\/FICHA-TECNICA-Apalmin.pdf\" target=\"_blank\" rel=\"noopener\">Descargar ficha t\u00e9cnica completa en PDF<\/a><\/div>\n","protected":false},"excerpt":{"rendered":"<p>Apalm\u00edn ADE es una soluci\u00f3n oleosa inyectable\u00a0que contiene una alta concentraci\u00f3n de vitaminas A, D3, y E.\u00a0La vitamina A es necesaria para el mantenimiento de la visi\u00f3n\u00a0normal, su deficiencia puede producir xeroftalmia, la cornea se\u00a0deshidrata, se ulcera, queratiniza e infecte; para mantener la\u00a0integridad del tejido epitelial, necesaria para la protecci\u00f3n\u00a0contra agentes infecciosos; en el epitelio intestinal su\u00a0deficiencia puede alterar la morfolog\u00eda y capacidad secretora;\u00a0para el adecuado desarrollo de la funci\u00f3n reproductiva, que en\u00a0machos se observa con una baja en la libido y pobre\u00a0espermatog\u00e9nesis; en la hembra se pueden presentar retenci\u00f3n\u00a0placentaria, ciclos estrales anormales, aborto, reabsorci\u00f3n del\u00a0feto y muerte neonatal; tambi\u00e9n para el desarrollo \u00f3seo ya que\u00a0interviene en la actividad de osteoclastos y osteoblastos; y en la\u00a0adecuada respuesta inmune, que se altera con el deterioro de\u00a0epitelios, reduciendo la transformaci\u00f3n de linfocitos y se\u00a0afectando las funciones fagociticas y bactericidas de los\u00a0neutrofilos. En la hematopoyesis se ha observado que su\u00a0deficiencia puede ser responsable de anemia.\u00a0La vitamina D est\u00e1 relacionada con el control de la hormona\u00a0paratiroidea y del control del metabolismo de Ca y P, de su\u00a0absorci\u00f3n a nivel intestinal, de las tasas de reabsorci\u00f3n y\u00a0eliminaci\u00f3n renal, del desarrollo \u00f3seo y de la s\u00edntesis normal de\u00a0la matriz \u00f3sea. Tambi\u00e9n se ha identificado su importancia en\u00a0procesos inmunes y hematopoy\u00e9ticos. Su deficiencia se\u00a0manifiesta con raquitismo, osteomalacia, osteoporosis y bajo\u00a0crecimiento corporal.\u00a0La vitamina E es importante por sus efectos antioxidantes\u00a0involucrados en la integridad de la membrana celular, s\u00edntesis\u00a0de prostaglandinas, coagulaci\u00f3n sangu\u00ednea, reproducci\u00f3n, y\u00a0respuesta inmune. Es necesaria junto con Se en la funci\u00f3n\u00a0reproductiva normal y previene la degeneraci\u00f3n muscular. Al\u00a0suplementarse se reduce la incidencia de retenci\u00f3n placentaria,\u00a0metritis y quistes ov\u00e1ricos en bovinos. En el sistema inmune se<br \/>\nha asociado interviniendo en la transformaci\u00f3n de linfocitos e\u00a0incrementado la respuesta humoral.<\/p>\n<p>Reg. SAGARPA Q-0016-006<\/p>\n","protected":false},"featured_media":18465,"template":"","meta":{"site-sidebar-layout":"default","site-content-layout":"","ast-site-content-layout":"default","site-content-style":"default","site-sidebar-style":"default","ast-global-header-display":"","ast-banner-title-visibility":"","ast-main-header-display":"","ast-hfb-above-header-display":"","ast-hfb-below-header-display":"","ast-hfb-mobile-header-display":"","site-post-title":"","ast-breadcrumbs-content":"","ast-featured-img":"","footer-sml-layout":"","theme-transparent-header-meta":"","adv-header-id-meta":"","stick-header-meta":"","header-above-stick-meta":"","header-main-stick-meta":"","header-below-stick-meta":"","astra-migrate-meta-layouts":"default","ast-page-background-enabled":"default","ast-page-background-meta":{"desktop":{"background-color":"var(--ast-global-color-4)","background-image":"","background-repeat":"repeat","background-position":"center center","background-size":"auto","background-attachment":"scroll","background-type":"","background-media":"","overlay-type":"","overlay-color":"","overlay-opacity":"","overlay-gradient":""},"tablet":{"background-color":"","background-image":"","background-repeat":"repeat","background-position":"center center","background-size":"auto","background-attachment":"scroll","background-type":"","background-media":"","overlay-type":"","overlay-color":"","overlay-opacity":"","overlay-gradient":""},"mobile":{"background-color":"","background-image":"","background-repeat":"repeat","background-position":"center center","background-size":"auto","background-attachment":"scroll","background-type":"","background-media":"","overlay-type":"","overlay-color":"","overlay-opacity":"","overlay-gradient":""}},"ast-content-background-meta":{"desktop":{"background-color":"var(--ast-global-color-5)","background-image":"","background-repeat":"repeat","background-position":"center center","background-size":"auto","background-attachment":"scroll","background-type":"","background-media":"","overlay-type":"","overlay-color":"","overlay-opacity":"","overlay-gradient":""},"tablet":{"background-color":"var(--ast-global-color-5)","background-image":"","background-repeat":"repeat","background-position":"center center","background-size":"auto","background-attachment":"scroll","background-type":"","background-media":"","overlay-type":"","overlay-color":"","overlay-opacity":"","overlay-gradient":""},"mobile":{"background-color":"var(--ast-global-color-5)","background-image":"","background-repeat":"repeat","background-position":"center center","background-size":"auto","background-attachment":"scroll","background-type":"","background-media":"","overlay-type":"","overlay-color":"","overlay-opacity":"","overlay-gradient":""}}},"product_brand":[],"product_cat":[47,53,70,82],"product_tag":[],"class_list":{"0":"post-18215","1":"product","2":"type-product","3":"status-publish","4":"has-post-thumbnail","6":"product_cat-bovinos-ovinos-y-caprinos","7":"product_cat-equinos","8":"product_cat-porcinos","9":"product_cat-vitaminicos-reconstituyentes","10":"desktop-align-left","11":"tablet-align-left","12":"mobile-align-left","14":"first","15":"instock","16":"shipping-taxable","17":"product-type-simple"},"_links":{"self":[{"href":"https:\/\/www.promovet.com.mx\/index.php\/wp-json\/wp\/v2\/product\/18215","targetHints":{"allow":["GET"]}}],"collection":[{"href":"https:\/\/www.promovet.com.mx\/index.php\/wp-json\/wp\/v2\/product"}],"about":[{"href":"https:\/\/www.promovet.com.mx\/index.php\/wp-json\/wp\/v2\/types\/product"}],"wp:featuredmedia":[{"embeddable":true,"href":"https:\/\/www.promovet.com.mx\/index.php\/wp-json\/wp\/v2\/media\/18465"}],"wp:attachment":[{"href":"https:\/\/www.promovet.com.mx\/index.php\/wp-json\/wp\/v2\/media?parent=18215"}],"wp:term":[{"taxonomy":"product_brand","embeddable":true,"href":"https:\/\/www.promovet.com.mx\/index.php\/wp-json\/wp\/v2\/product_brand?post=18215"},{"taxonomy":"product_cat","embeddable":true,"href":"https:\/\/www.promovet.com.mx\/index.php\/wp-json\/wp\/v2\/product_cat?post=18215"},{"taxonomy":"product_tag","embeddable":true,"href":"https:\/\/www.promovet.com.mx\/index.php\/wp-json\/wp\/v2\/product_tag?post=18215"}],"curies":[{"name":"wp","href":"https:\/\/api.w.org\/{rel}","templated":true}]}}