{"id":18232,"date":"2016-07-26T14:04:27","date_gmt":"2016-07-26T20:04:27","guid":{"rendered":"http:\/\/bench.com.mx\/promovet\/?post_type=product&#038;p=18232"},"modified":"2022-12-06T21:46:54","modified_gmt":"2022-12-06T21:46:54","slug":"suero-glucosado","status":"publish","type":"product","link":"https:\/\/www.promovet.com.mx\/index.php\/product\/suero-glucosado\/","title":{"rendered":"Suero Glucosado"},"content":{"rendered":"<p><strong>F\u00d3RMULA<\/strong>: Cada 100 ml contienen:<br \/>\nDextrosa F.E.U.M. (D-Glucosa) \u2026\u2026\u2026\u2026\u2026\u2026\u2026.. 50.00 g<br \/>\nCloruro de sodio \u2026\u2026\u2026\u2026\u2026\u2026\u2026\u2026\u2026\u2026\u2026\u2026\u2026\u2026.. 4.75 g<br \/>\nCloruro de potasio \u2026\u2026\u2026\u2026\u2026\u2026\u2026\u2026\u2026\u2026\u2026\u2026\u2026.. 0.25 g<br \/>\nVeh\u00edculo c.b.p \u2026\u2026\u2026\u2026\u2026\u2026\u2026\u2026\u2026\u2026\u2026\u2026\u2026.. 100.00 ml<\/p>\n<div class=\"panel-heading\">\n<h4 class=\"panel-title toggle\">INDICACIONES<\/h4>\n<\/div>\n<div id=\"8e74e7178ec1f94c8\" class=\"panel-collapse collapse in\">\n<div class=\"panel-body toggle-content\">En el tratamiento de cetosis (acetonemia), coadyuvante en estados de choque, desnutrici\u00f3n, toxemias, acidosis y caquexia. Se recomienda como complemento en caballos de competencia y en todos los animales sujetos a una demanda adicional de energ\u00eda.<\/div>\n<div class=\"panel-body toggle-content\">\n<div class=\"panel-heading\">\n<h4 class=\"panel-title toggle\">ADMINISTRACI\u00d3N Y DOSIS<\/h4>\n<\/div>\n<div id=\"8d796abdf942e9d1e\" class=\"panel-collapse collapse in\">\n<div class=\"panel-body toggle-content\"><strong>ESPECIES EN LAS QUE SE INDICA<\/strong>: Bovinos, equinos,\u00a0ovinos, caprinos y porcinos.<br \/>\n<strong>V\u00cdA DE ADMINISTRACI\u00d3N<\/strong>: Intravenosa lenta y subcut\u00e1nea.<br \/>\n<strong>DOSIS<\/strong>:<br \/>\nBovinos y equinos: 250 a 500 ml<br \/>\nOvinos, caprinos, porcinos, caninos y felinos: 1 ml por cada 1\u00a0Kg de peso.<\/div>\n<div class=\"panel-body toggle-content\">\n<div class=\"panel-heading\">\n<h4 class=\"panel-title toggle\">PRECAUCIONES Y ADVERTENCIAS<\/h4>\n<\/div>\n<div id=\"291bbe60d087874cf\" class=\"panel-collapse collapse in\">\n<div class=\"panel-body toggle-content\"><strong>PRECAUCIONES<\/strong>: La administraci\u00f3n intravenosa deber\u00e1\u00a0efectuarse lentamente. Utilice material hipod\u00e9rmico est\u00e9ril. No\u00a0se administre si se advierten part\u00edculas o turbidez en la\u00a0soluci\u00f3n. Mantenga este producto en un lugar fresco. No se\u00a0exponga a la luz del sol.<br \/>\n<strong>ADVERTENCIA<\/strong>: Producto para uso exclusivo en medicina\u00a0veterinaria.<br \/>\n<strong>PRESENTACIONES<\/strong>: Frasco \u00e1mpula de vidrio con 250 y 500\u00a0ml.<\/div>\n<\/div>\n<\/div>\n<\/div>\n<\/div>\n<\/div>\n<div class=\"panel-body toggle-content\"><\/div>\n<div class=\"panel-body toggle-content\"><a title=\"Ficha T\u00e9cnica\" href=\"https:\/\/www.promovet.com.mx\/wp-content\/uploads\/2022\/12\/FICHA-TECNICA-suero-glucosado.pdf\" target=\"_blank\" rel=\"noopener\">Descargar ficha t\u00e9cnica completa en PDF<\/a><\/div>\n","protected":false},"excerpt":{"rendered":"<p>Soluci\u00f3n inyectable concentrada al 50%, de\u00a0glucosa. Restaura de inmediato el nivel de glucosa en sangre,\u00a0modifica el cambio h\u00eddrico y regula la presi\u00f3n osm\u00f3tica.<\/p>\n<p>Reg. SAGARPA Q-0016-023<\/p>\n","protected":false},"featured_media":18500,"template":"","meta":{"site-sidebar-layout":"default","site-content-layout":"","ast-site-content-layout":"default","site-content-style":"default","site-sidebar-style":"default","ast-global-header-display":"","ast-banner-title-visibility":"","ast-main-header-display":"","ast-hfb-above-header-display":"","ast-hfb-below-header-display":"","ast-hfb-mobile-header-display":"","site-post-title":"","ast-breadcrumbs-content":"","ast-featured-img":"","footer-sml-layout":"","theme-transparent-header-meta":"","adv-header-id-meta":"","stick-header-meta":"","header-above-stick-meta":"","header-main-stick-meta":"","header-below-stick-meta":"","astra-migrate-meta-layouts":"default","ast-page-background-enabled":"default","ast-page-background-meta":{"desktop":{"background-color":"var(--ast-global-color-4)","background-image":"","background-repeat":"repeat","background-position":"center center","background-size":"auto","background-attachment":"scroll","background-type":"","background-media":"","overlay-type":"","overlay-color":"","overlay-opacity":"","overlay-gradient":""},"tablet":{"background-color":"","background-image":"","background-repeat":"repeat","background-position":"center center","background-size":"auto","background-attachment":"scroll","background-type":"","background-media":"","overlay-type":"","overlay-color":"","overlay-opacity":"","overlay-gradient":""},"mobile":{"background-color":"","background-image":"","background-repeat":"repeat","background-position":"center center","background-size":"auto","background-attachment":"scroll","background-type":"","background-media":"","overlay-type":"","overlay-color":"","overlay-opacity":"","overlay-gradient":""}},"ast-content-background-meta":{"desktop":{"background-color":"var(--ast-global-color-5)","background-image":"","background-repeat":"repeat","background-position":"center center","background-size":"auto","background-attachment":"scroll","background-type":"","background-media":"","overlay-type":"","overlay-color":"","overlay-opacity":"","overlay-gradient":""},"tablet":{"background-color":"var(--ast-global-color-5)","background-image":"","background-repeat":"repeat","background-position":"center center","background-size":"auto","background-attachment":"scroll","background-type":"","background-media":"","overlay-type":"","overlay-color":"","overlay-opacity":"","overlay-gradient":""},"mobile":{"background-color":"var(--ast-global-color-5)","background-image":"","background-repeat":"repeat","background-position":"center center","background-size":"auto","background-attachment":"scroll","background-type":"","background-media":"","overlay-type":"","overlay-color":"","overlay-opacity":"","overlay-gradient":""}}},"product_brand":[],"product_cat":[47,53,69,70,82],"product_tag":[],"class_list":{"0":"post-18232","1":"product","2":"type-product","3":"status-publish","4":"has-post-thumbnail","6":"product_cat-bovinos-ovinos-y-caprinos","7":"product_cat-equinos","8":"product_cat-perros-y-gatos","9":"product_cat-porcinos","10":"product_cat-vitaminicos-reconstituyentes","11":"desktop-align-left","12":"tablet-align-left","13":"mobile-align-left","15":"first","16":"instock","17":"featured","18":"shipping-taxable","19":"product-type-simple"},"_links":{"self":[{"href":"https:\/\/www.promovet.com.mx\/index.php\/wp-json\/wp\/v2\/product\/18232","targetHints":{"allow":["GET"]}}],"collection":[{"href":"https:\/\/www.promovet.com.mx\/index.php\/wp-json\/wp\/v2\/product"}],"about":[{"href":"https:\/\/www.promovet.com.mx\/index.php\/wp-json\/wp\/v2\/types\/product"}],"wp:featuredmedia":[{"embeddable":true,"href":"https:\/\/www.promovet.com.mx\/index.php\/wp-json\/wp\/v2\/media\/18500"}],"wp:attachment":[{"href":"https:\/\/www.promovet.com.mx\/index.php\/wp-json\/wp\/v2\/media?parent=18232"}],"wp:term":[{"taxonomy":"product_brand","embeddable":true,"href":"https:\/\/www.promovet.com.mx\/index.php\/wp-json\/wp\/v2\/product_brand?post=18232"},{"taxonomy":"product_cat","embeddable":true,"href":"https:\/\/www.promovet.com.mx\/index.php\/wp-json\/wp\/v2\/product_cat?post=18232"},{"taxonomy":"product_tag","embeddable":true,"href":"https:\/\/www.promovet.com.mx\/index.php\/wp-json\/wp\/v2\/product_tag?post=18232"}],"curies":[{"name":"wp","href":"https:\/\/api.w.org\/{rel}","templated":true}]}}