{"id":18234,"date":"2016-07-26T14:07:38","date_gmt":"2016-07-26T20:07:38","guid":{"rendered":"http:\/\/bench.com.mx\/promovet\/?post_type=product&#038;p=18234"},"modified":"2024-06-17T18:36:56","modified_gmt":"2024-06-17T18:36:56","slug":"vita-calcio","status":"publish","type":"product","link":"https:\/\/www.promovet.com.mx\/index.php\/product\/vita-calcio\/","title":{"rendered":"Vita Calcio"},"content":{"rendered":"<p><strong>F\u00d3RMULA<\/strong>: Cada 100 ml contienen:<br \/>\nGluconato de calcio \u2026\u2026\u2026\u2026\u2026\u2026\u2026\u2026\u2026\u2026\u2026\u2026\u2026\u2026. 20 g<br \/>\n\u00c1cido b\u00f3rico \u2026\u2026\u2026\u2026\u2026\u2026\u2026\u2026\u2026\u2026\u2026\u2026\u2026\u2026\u2026\u2026\u2026\u2026. 4 g<br \/>\nAmino\u00e1cidos \u2026\u2026\u2026\u2026\u2026\u2026\u2026\u2026\u2026\u2026\u2026\u2026\u2026\u2026\u2026\u2026\u2026\u2026 5 g<br \/>\nVitamina B1 (tiamina) \u2026\u2026\u2026\u2026\u2026\u2026\u2026\u2026\u2026\u2026\u2026\u2026 20 mg<br \/>\nVitamina B2 (Riboflavina) \u2026\u2026\u2026\u2026\u2026\u2026\u2026\u2026\u2026\u2026 20 mg<br \/>\nVitamina B6 (Piridoxina) \u2026\u2026\u2026\u2026\u2026\u2026\u2026\u2026\u2026\u2026. 20 mg<br \/>\nVeh\u00edculo c.b.p \u2026\u2026\u2026\u2026\u2026\u2026\u2026\u2026\u2026\u2026\u2026\u2026\u2026. 100.00 ml<\/p>\n<div class=\"panel-heading\">\n<h4 class=\"panel-title toggle\">INDICACIONES<\/h4>\n<\/div>\n<div id=\"8e74e7178ec1f94c8\" class=\"panel-collapse collapse in\">\n<div class=\"panel-body toggle-content\">Prevenci\u00f3n y tratamiento de deficiencias de calcio (hipocalcemia, fiebre de leche) y dem\u00e1s componentes de la f\u00f3rmula. Tratamiento de soporte en el mantenimiento de animales debilitados, con alimentaci\u00f3n deficiente, o sometidos a trabajo intenso.<\/div>\n<div class=\"panel-body toggle-content\">\n<div class=\"panel-heading\">\n<h4 class=\"panel-title toggle\">ADMINISTRACI\u00d3N Y DOSIS<\/h4>\n<\/div>\n<div id=\"8d796abdf942e9d1e\" class=\"panel-collapse collapse in\">\n<div class=\"panel-body toggle-content\"><strong>ESPECIES EN LAS QUE SE INDICA<\/strong>: Bovinos, equinos,\u00a0ovinos, caprinos, porcinos y caninos.<br \/>\n<strong>V\u00cdA DE ADMINISTRACI\u00d3N<\/strong>: Intravenosa lenta, subcut\u00e1nea e\u00a0intramuscular.<br \/>\n<strong>DOSIS<\/strong>:<br \/>\nBovinos y equinos: 200 a 250 ml<br \/>\nPorcinos: 50 a 100 ml.<br \/>\nOvinos, caprinos: 15 a 30 ml<br \/>\nCaninos: 5 a 10 ml<br \/>\nLechones: 5 ml.<\/div>\n<div class=\"panel-body toggle-content\">\n<div class=\"panel-heading\">\n<h4 class=\"panel-title toggle\">PRECAUCIONES Y ADVERTENCIAS<\/h4>\n<\/div>\n<div id=\"291bbe60d087874cf\" class=\"panel-collapse collapse in\">\n<div class=\"panel-body toggle-content\"><strong>PRECAUCIONES<\/strong>: La administraci\u00f3n intravenosa deber\u00e1\u00a0efectuarse lentamente. No inyecte mas de 30 ml en cada sitio\u00a0de aplicaci\u00f3n intramuscular. Utilice material hipod\u00e9rmico est\u00e9ril.\u00a0No combine este producto con otros medicamentos. No\u00a0administre este producto de manera simult\u00e1nea con productos\u00a0formulados con alguna tetraciclina. No se administre si se advierten part\u00edculas o turbidez en la soluci\u00f3n. Mantenga este producto en un lugar fresco. No se exponga a la luz del sol.<br \/>\n<strong>ADVERTENCIA<\/strong>: Producto para uso exclusivo en medicina veterinaria.<br \/>\n<strong>PRESENTACIONES<\/strong>: Frasco \u00e1mpula de vidrio con 250 y 500 ml.<\/div>\n<\/div>\n<\/div>\n<\/div>\n<\/div>\n<\/div>\n<div class=\"panel-body toggle-content\"><\/div>\n<div class=\"panel-body toggle-content\"><a title=\"Ficha T\u00e9cnica\" href=\"https:\/\/www.promovet.com.mx\/wp-content\/uploads\/2024\/06\/FICHA-TECNICA-vita-calcio.pdf\" target=\"_blank\" rel=\"noopener\">Descargar ficha t\u00e9cnica completa en PDF<\/a><\/div>\n","protected":false},"excerpt":{"rendered":"<p>Soluci\u00f3n inyectable de calcio org\u00e1nico\u00a0formulado con una combinaci\u00f3n de amino\u00e1cidos y vitaminado\u00a0con elementos del complejo B.<\/p>\n<p>Reg. SAGARPA Q-0016-026<\/p>\n","protected":false},"featured_media":18508,"template":"","meta":{"site-sidebar-layout":"default","site-content-layout":"","ast-site-content-layout":"default","site-content-style":"default","site-sidebar-style":"default","ast-global-header-display":"","ast-banner-title-visibility":"","ast-main-header-display":"","ast-hfb-above-header-display":"","ast-hfb-below-header-display":"","ast-hfb-mobile-header-display":"","site-post-title":"","ast-breadcrumbs-content":"","ast-featured-img":"","footer-sml-layout":"","theme-transparent-header-meta":"default","adv-header-id-meta":"","stick-header-meta":"","header-above-stick-meta":"","header-main-stick-meta":"","header-below-stick-meta":"","astra-migrate-meta-layouts":"set","ast-page-background-enabled":"default","ast-page-background-meta":{"desktop":{"background-color":"var(--ast-global-color-4)","background-image":"","background-repeat":"repeat","background-position":"center center","background-size":"auto","background-attachment":"scroll","background-type":"","background-media":"","overlay-type":"","overlay-color":"","overlay-opacity":"","overlay-gradient":""},"tablet":{"background-color":"","background-image":"","background-repeat":"repeat","background-position":"center center","background-size":"auto","background-attachment":"scroll","background-type":"","background-media":"","overlay-type":"","overlay-color":"","overlay-opacity":"","overlay-gradient":""},"mobile":{"background-color":"","background-image":"","background-repeat":"repeat","background-position":"center center","background-size":"auto","background-attachment":"scroll","background-type":"","background-media":"","overlay-type":"","overlay-color":"","overlay-opacity":"","overlay-gradient":""}},"ast-content-background-meta":{"desktop":{"background-color":"var(--ast-global-color-5)","background-image":"","background-repeat":"repeat","background-position":"center center","background-size":"auto","background-attachment":"scroll","background-type":"","background-media":"","overlay-type":"","overlay-color":"","overlay-opacity":"","overlay-gradient":""},"tablet":{"background-color":"var(--ast-global-color-5)","background-image":"","background-repeat":"repeat","background-position":"center center","background-size":"auto","background-attachment":"scroll","background-type":"","background-media":"","overlay-type":"","overlay-color":"","overlay-opacity":"","overlay-gradient":""},"mobile":{"background-color":"var(--ast-global-color-5)","background-image":"","background-repeat":"repeat","background-position":"center center","background-size":"auto","background-attachment":"scroll","background-type":"","background-media":"","overlay-type":"","overlay-color":"","overlay-opacity":"","overlay-gradient":""}}},"product_brand":[],"product_cat":[47,53,69,70,82],"product_tag":[],"class_list":{"0":"post-18234","1":"product","2":"type-product","3":"status-publish","4":"has-post-thumbnail","6":"product_cat-bovinos-ovinos-y-caprinos","7":"product_cat-equinos","8":"product_cat-perros-y-gatos","9":"product_cat-porcinos","10":"product_cat-vitaminicos-reconstituyentes","11":"desktop-align-left","12":"tablet-align-left","13":"mobile-align-left","15":"first","16":"instock","17":"featured","18":"shipping-taxable","19":"product-type-simple"},"_links":{"self":[{"href":"https:\/\/www.promovet.com.mx\/index.php\/wp-json\/wp\/v2\/product\/18234","targetHints":{"allow":["GET"]}}],"collection":[{"href":"https:\/\/www.promovet.com.mx\/index.php\/wp-json\/wp\/v2\/product"}],"about":[{"href":"https:\/\/www.promovet.com.mx\/index.php\/wp-json\/wp\/v2\/types\/product"}],"wp:featuredmedia":[{"embeddable":true,"href":"https:\/\/www.promovet.com.mx\/index.php\/wp-json\/wp\/v2\/media\/18508"}],"wp:attachment":[{"href":"https:\/\/www.promovet.com.mx\/index.php\/wp-json\/wp\/v2\/media?parent=18234"}],"wp:term":[{"taxonomy":"product_brand","embeddable":true,"href":"https:\/\/www.promovet.com.mx\/index.php\/wp-json\/wp\/v2\/product_brand?post=18234"},{"taxonomy":"product_cat","embeddable":true,"href":"https:\/\/www.promovet.com.mx\/index.php\/wp-json\/wp\/v2\/product_cat?post=18234"},{"taxonomy":"product_tag","embeddable":true,"href":"https:\/\/www.promovet.com.mx\/index.php\/wp-json\/wp\/v2\/product_tag?post=18234"}],"curies":[{"name":"wp","href":"https:\/\/api.w.org\/{rel}","templated":true}]}}